{"id":15,"date":"2013-05-16T19:41:23","date_gmt":"2013-05-16T18:41:23","guid":{"rendered":"http:\/\/www.tir-sportif-mandallaz.com\/?page_id=15"},"modified":"2022-01-13T18:40:27","modified_gmt":"2022-01-13T17:40:27","slug":"lien","status":"publish","type":"page","link":"https:\/\/www.tir-sportif-mandallaz.com\/?page_id=15","title":{"rendered":"INFOS"},"content":{"rendered":"<ul>\n<li><span style=\"color: #000000;\"><strong>Sites de la F\u00e9d\u00e9ration :<br \/>\n<\/strong><\/span><span style=\"color: #000000;\"><span style=\"color: #993300;\"><em><a style=\"color: #993300;\" href=\"https:\/\/www.fftir.org\" target=\"_blank\" rel=\"noopener noreferrer\">F\u00e9d\u00e9ration Fran\u00e7aise de Tir<\/a><\/em><\/span><\/span><span style=\"color: #000000;\"><span style=\"color: #993300;\"><em><br \/>\n<a style=\"color: #993300;\" href=\"http:\/\/www.cdtir74.com\/\" target=\"_blank\" rel=\"noopener noreferrer\">Comit\u00e9 de Tir de Haute Savoie<\/a><\/em><\/span><\/span><span style=\"color: #993300;\"><span style=\"color: #993300;\"><span style=\"color: #993300;\"><span style=\"color: #993300;\"><span style=\"color: #993300;\"><span style=\"color: #993300;\"><span style=\"color: #993300;\"><span style=\"color: #993300;\"><span style=\"color: #993300;\"><span style=\"color: #993300;\"><span style=\"color: #993300;\"><em><br \/>\n<a style=\"color: #993300;\" href=\"https:\/\/www.liguetirdauphinesavoie.com\/\" target=\"_blank\" rel=\"noopener noreferrer\">Ligue r\u00e9gionale de tir Dauphin\u00e9-Savoie<\/a><\/em><\/span><\/span><\/span><\/span><\/span><\/span><\/span><\/span><\/span><\/span><\/span><\/li>\n<\/ul>\n<ul>\n<li><span style=\"color: #000000;\"><strong>R\u00e8glementation :<\/strong><\/span><span style=\"color: #000000;\"><br \/>\n<a href=\"https:\/\/www.service-public.fr\/particuliers\/vosdroits\/N287\"><em><span style=\"color: #993300;\">Questions sur la r\u00e8glementation<\/span><\/em><\/a><\/span><span style=\"color: #000000;\"><span style=\"color: #000000;\"><span style=\"color: #000000;\"><span style=\"color: #000000;\"><span style=\"color: #000000;\"><span style=\"color: #000000;\"><span style=\"color: #000000;\"><span style=\"color: #000000;\"><span style=\"color: #000000;\"><span style=\"color: #000000;\"><span style=\"color: #000000;\"><span style=\"color: #000000;\"><span style=\"color: #000000;\"><span style=\"color: #993300;\"><em><br \/>\n<a style=\"color: #993300;\" href=\"https:\/\/www.service-public.fr\/particuliers\/vosdroits\/F33661\" target=\"_blank\" rel=\"noopener noreferrer\">Demande d&rsquo;acquisition \/ renouvellement d&rsquo;armes de cat\u00e9gorie B<\/a><br \/>\n<a href=\"https:\/\/www.legifrance.gouv.fr\/loda\/id\/JORFTEXT000041829261\/2020-10-01\" target=\"_blank\" rel=\"noopener noreferrer\"><span style=\"color: #ff9900;\"><span style=\"text-decoration: underline;\">! Nouvelle loi 2020 sur les carnets de tir et les s\u00e9ances d&rsquo;initiation<\/span><\/span><\/a><br \/>\n<span style=\"color: #800000;\"><a style=\"color: #800000;\" href=\"https:\/\/www.tir-sportif-mandallaz.com\/wp-content\/uploads\/2021\/03\/Courrier-prefecture-tirs-initiation.pdf\" target=\"_blank\" rel=\"noopener\">Rappel r\u00e8gles tirs d&rsquo;initiation par la pr\u00e9fecture<\/a><\/span><\/em><\/span><\/span><\/span><\/span><\/span><\/span><\/span><\/span><\/span><\/span><\/span><\/span><\/span><\/span><\/li>\n<\/ul>\n<ul>\n<li><span style=\"color: #000000;\"><strong>Associations de d\u00e9fense des tireurs :<\/strong><\/span><br \/>\n<a href=\"https:\/\/www.armes-ufa.com\" target=\"_blank\" rel=\"noopener noreferrer\"><em><span style=\"color: #993300;\">UFA<\/span><\/em><\/a><span style=\"color: #993300;\"><span style=\"color: #993300;\"><span style=\"color: #993300;\"><span style=\"color: #993300;\"><span style=\"color: #993300;\"><span style=\"color: #993300;\"><span style=\"color: #993300;\"><span style=\"color: #993300;\"><span style=\"color: #993300;\"><span style=\"color: #993300;\"><em><br \/>\n<a style=\"color: #993300;\" href=\"https:\/\/www.unpact.net\" target=\"_blank\" rel=\"noopener noreferrer\">UNPACT<\/a><\/em><\/span><\/span><\/span><\/span><\/span><\/span><\/span><\/span><\/span><\/span><\/li>\n<\/ul>\n<ul>\n<li><span style=\"color: #000000;\"><strong>Administration :<br \/>\n<\/strong><\/span><span style=\"color: #993300;\"><em><a style=\"color: #993300;\" href=\"https:\/\/www.interieur.gouv.fr\/Le-ministere\/Secretariat-general\/Service-central-des-armes\" target=\"_blank\" rel=\"noopener noreferrer\">SCA &#8211; Service Central des Armes<\/a><\/em><\/span><span style=\"color: #000000;\"><span style=\"color: #000000;\"><span style=\"color: #000000;\"><span style=\"color: #000000;\"><span style=\"color: #000000;\"><span style=\"color: #000000;\"><span style=\"color: #000000;\"><span style=\"color: #000000;\"><br \/>\n<span style=\"color: #993300;\"><em><a style=\"color: #993300;\" href=\"https:\/\/www.demarches.interieur.gouv.fr\/formulaires\" target=\"_blank\" rel=\"noopener noreferrer\">CERFA n\u00e9cessaires aux formalit\u00e9s administratives<\/a><\/em><\/span><br \/>\n<span style=\"color: #993300;\"><em><a style=\"color: #993300;\" href=\"https:\/\/www.youtube.com\/watch?v=0AcgicXaQm4&amp;t=1s\" target=\"_blank\" rel=\"noopener noreferrer\">Pr\u00e9sentation nouveau Syst\u00e8me d&rsquo;Information sur les Armes (SIA)<\/a><\/em><\/span><\/span><\/span><\/span><\/span><\/span><\/span><\/span><\/span><\/li>\n<\/ul>\n<ul>\n<li><span style=\"color: #000000;\"><strong>Pr\u00e9fecture Haute Savoie &#8211; Service des armes :<\/strong><\/span><br \/>\n<span style=\"color: #000000;\"><span style=\"text-decoration: underline;\">Adresse postale<\/span> :<br \/>\nPr\u00e9fecture de Haute-Savoie<\/span><br \/>\n<span style=\"color: #000000;\">P\u00f4le D\u00e9partemental Armes<\/span><br \/>\n<span style=\"color: #000000;\">Rue du 30\u00e8me r\u00e9giment d&rsquo;infanterie<\/span><br \/>\n<span style=\"color: #000000;\">BP 2332<\/span><br \/>\n<span style=\"color: #000000;\">74034 ANNECY<br \/>\n<\/span><span style=\"text-decoration: underline; color: #993300;\"><em><a style=\"color: #993300; text-decoration: underline;\" href=\"http:\/\/www.haute-savoie.gouv.fr\/Demarches-administratives\/Activites-reglementees\/Securite\/Armes#!\/Particuliers\/page\/N287\" target=\"_blank\" rel=\"noopener noreferrer\">Plus d&rsquo;infos<\/a><\/em><\/span><\/li>\n<\/ul>\n","protected":false},"excerpt":{"rendered":"<p>Sites de la F\u00e9d\u00e9ration : F\u00e9d\u00e9ration Fran\u00e7aise de Tir Comit\u00e9 de Tir de Haute Savoie Ligue r\u00e9gionale de tir Dauphin\u00e9-Savoie R\u00e8glementation : Questions sur la r\u00e8glementation Demande d&rsquo;acquisition \/ renouvellement&#8230; <span class=\"more-link\"><a href=\"https:\/\/www.tir-sportif-mandallaz.com\/?page_id=15\">Read More<\/a><\/span><\/p>\n","protected":false},"author":1,"featured_media":0,"parent":0,"menu_order":6,"comment_status":"closed","ping_status":"closed","template":"","meta":[],"_links":{"self":[{"href":"https:\/\/www.tir-sportif-mandallaz.com\/index.php?rest_route=\/wp\/v2\/pages\/15"}],"collection":[{"href":"https:\/\/www.tir-sportif-mandallaz.com\/index.php?rest_route=\/wp\/v2\/pages"}],"about":[{"href":"https:\/\/www.tir-sportif-mandallaz.com\/index.php?rest_route=\/wp\/v2\/types\/page"}],"author":[{"embeddable":true,"href":"https:\/\/www.tir-sportif-mandallaz.com\/index.php?rest_route=\/wp\/v2\/users\/1"}],"replies":[{"embeddable":true,"href":"https:\/\/www.tir-sportif-mandallaz.com\/index.php?rest_route=%2Fwp%2Fv2%2Fcomments&post=15"}],"version-history":[{"count":57,"href":"https:\/\/www.tir-sportif-mandallaz.com\/index.php?rest_route=\/wp\/v2\/pages\/15\/revisions"}],"predecessor-version":[{"id":2868,"href":"https:\/\/www.tir-sportif-mandallaz.com\/index.php?rest_route=\/wp\/v2\/pages\/15\/revisions\/2868"}],"wp:attachment":[{"href":"https:\/\/www.tir-sportif-mandallaz.com\/index.php?rest_route=%2Fwp%2Fv2%2Fmedia&parent=15"}],"curies":[{"name":"wp","href":"https:\/\/api.w.org\/{rel}","templated":true}]}}