{"id":1658,"date":"2018-09-10T13:04:46","date_gmt":"2018-09-10T12:04:46","guid":{"rendered":"http:\/\/www.tir-sportif-mandallaz.com\/?page_id=1658"},"modified":"2021-08-26T10:10:16","modified_gmt":"2021-08-26T09:10:16","slug":"tirs-controles-et-securite","status":"publish","type":"page","link":"https:\/\/www.tir-sportif-mandallaz.com\/?page_id=1658","title":{"rendered":"Permanences &#038; s\u00e9curit\u00e9"},"content":{"rendered":"<p><span style=\"color: #993300;\"><strong>RAPPELS SUR LA S\u00c9CURIT\u00c9 AU STAND<\/strong><\/span><br \/>\n&#8211; Tous les pas de tir fonctionnent en <span style=\"color: #000000;\"><strong>auto-surveillance<\/strong><\/span><br \/>\n&#8211; Chacun doit \u00eatre <span style=\"color: #000000;\"><strong>VIGILANT ET RESPONSABLE<\/strong><\/span> pour lui-m\u00eame et ses voisins<br \/>\n&#8211; Pas de chargeur ou mat\u00e9riel assimil\u00e9 plein sur la table si tireur aux cibles<br \/>\n&#8211; Une arme charg\u00e9e doit TOUJOURS rester en main, canon face \u00e0 sa cible<br \/>\n&#8211; Ins\u00e9rer dans l\u2019arme un drapeau de s\u00e9curit\u00e9 lors de chaque arr\u00eat des tirs<br \/>\n&#8211; Avant le rangement de l\u2019arme, TOUJOURS effectuer un d\u00e9part \u00e0 vide <span style=\"color: #000000;\"><strong>en visant sa cible<\/strong><\/span><br \/>\n&#8211; Le canon reste TOUJOURS dirig\u00e9 vers les cibles lors de la phase de sortie et de rangement de l\u2019arme<br \/>\n&#8211; Le port de protections auditives et oculaires est OBLIGATOIRE sur les pas de tir<\/p>\n<p><span style=\"color: #000000;\"><strong>Rappel des r\u00e8gles de s\u00e9curit\u00e9 et de transport par la FFTir\u00a0:<\/strong><\/span> <a href=\"https:\/\/www.fftir.org\/les-regles-de-securite\/\" target=\"_blank\" rel=\"noopener noreferrer\"><u><em>https:\/\/www.fftir.org\/fr\/les_regles_de_securite<\/em><\/u><\/a><\/p>\n<p><span style=\"color: #800000;\"><strong>FONCTIONNEMENT DES PAS DE TIR<br \/>\n<\/strong><span style=\"color: #333300;\"><span style=\"text-decoration: underline;\"><em><a style=\"color: #333300; text-decoration: underline;\" href=\"https:\/\/www.tir-sportif-mandallaz.com\/?page_id=2366\" target=\"_blank\" rel=\"noopener\">Pas de tir 25\/50m<\/a><\/em><\/span><strong><br \/>\n<\/strong><\/span><span style=\"color: #0000ff;\"><em><a style=\"color: #0000ff;\" href=\"https:\/\/www.tir-sportif-mandallaz.com\/?page_id=1750\" target=\"_blank\" rel=\"noopener\"><span style=\"text-decoration: underline;\"><span style=\"color: #666699; text-decoration: underline;\"><span style=\"color: #333300; text-decoration: underline;\">Pas de tir 100m<\/span><\/span><\/span><\/a><\/em><\/span><\/span><\/p>\n<p><span style=\"color: #800000;\"><strong>CONTR\u00d4LE D\u2019ASSIDUIT\u00c9<\/strong><\/span><br \/>\nUne s\u00e9ance minimum d&rsquo;entrainement par trimestre est demand\u00e9e pour justifier ou non de la d\u00e9livrance des avis favorables.<br \/>\nPour les moins assidus, une v\u00e9rification des connaissances en mati\u00e8re de s\u00e9curit\u00e9, maniement et tir peut \u00eatre effectu\u00e9e par une personne habilit\u00e9e en vue de valider ou non la session trimestrielle.<\/p>\n<p><span style=\"color: #800000;\"><strong>TIRS CONTROL\u00c9S<\/strong><\/span><br \/>\nDepuis mai 2020 les tirs contr\u00f4l\u00e9s ne sont plus obligatoires que pour les tireurs faisant une 1\u00e8re demande de d\u00e9tention d&rsquo;arme(s) de cat\u00e9gorie B. <span style=\"text-decoration: underline;\"><a href=\"https:\/\/www.fftir.org\/2020-nouveau-regime-de-la-delivrance-des-avis-prealables\/\" target=\"_blank\" rel=\"noopener noreferrer\"><em>Nouvelle loi 2020 sur les carnets de tir et les s\u00e9ances d&rsquo;initiation<\/em><\/a><\/span><\/p>\n<p><span style=\"color: #000000;\"><strong><span style=\"text-decoration: underline;\">Test technique 1\u00e8res demandes de d\u00e9tention et c<\/span><span style=\"text-decoration: underline;\">ontr\u00f4le d&rsquo;assiduit\u00e9<\/span> <\/strong><strong> :<\/strong><br \/>\n<\/span><span style=\"color: #000000;\">1 &#8211; Pr\u00e9sentation de l\u2019exercice par la personne\u00a0habilit\u00e9e<br \/>\n2 &#8211; Information sur les proc\u00e9dures de stockage des armes au domicile<br \/>\n<\/span><span style=\"color: #000000;\">3 &#8211; Les quatre r\u00e8gles de s\u00e9curit\u00e9 \u00e0 conna\u00eetre, comprendre, appliquer et faire appliquer<\/span><br \/>\n<span style=\"color: #ff0000;\"><strong>\u00a0\u00a0\u00a0\u00a0 A<\/strong> <\/span>: <span style=\"color: #000000;\"><strong>Arme<\/strong> toujours consid\u00e9r\u00e9e comme charg\u00e9e<\/span><br \/>\n<span style=\"color: #ff0000;\"><strong>\u00a0\u00a0\u00a0\u00a0 C<\/strong> <\/span>: <span style=\"color: #000000;\"><strong>Canon<\/strong> dans une direction s\u00fbre<\/span><br \/>\n<span style=\"color: #ff0000;\"><strong>\u00a0\u00a0\u00a0\u00a0 D<\/strong><\/span> : <span style=\"color: #000000;\"><strong>Doigt<\/strong> en dehors de la d\u00e9tente tant que l\u2019on ne veut pas tirer<\/span><br \/>\n<span style=\"color: #ff0000;\"><strong>\u00a0\u00a0\u00a0\u00a0 C<\/strong><\/span> : <span style=\"color: #000000;\"><strong>Cible<\/strong>, \u00eatre s\u00fbr de sa cible et de son environnement<br \/>\n<\/span><span style=\"color: #000000;\">4 &#8211; Les trois manipulations \u00e9l\u00e9mentaires : <\/span><span style=\"color: #000000;\">Chargement \/ D\u00e9chargement \/ Retrait des cartouches<br \/>\n<\/span><span style=\"color: #000000;\">5 &#8211; Test de Tir : <\/span><span style=\"color: #000000;\">5 cartouches \u00e0 25 m\u00e8tres, en 15 secondes, sur cible format A4<\/span><\/p>\n<p><img loading=\"lazy\" class=\"aligncenter size-large wp-image-158\" src=\"http:\/\/www.tir-sportif-mandallaz.com\/wp-content\/uploads\/2013\/05\/SECURITY-ARME-1-745x1024.jpg\" alt=\"\" width=\"745\" height=\"1024\" srcset=\"https:\/\/www.tir-sportif-mandallaz.com\/wp-content\/uploads\/2013\/05\/SECURITY-ARME-1-745x1024.jpg 745w, https:\/\/www.tir-sportif-mandallaz.com\/wp-content\/uploads\/2013\/05\/SECURITY-ARME-1-218x300.jpg 218w, https:\/\/www.tir-sportif-mandallaz.com\/wp-content\/uploads\/2013\/05\/SECURITY-ARME-1.jpg 1269w\" sizes=\"(max-width: 745px) 100vw, 745px\" \/><\/p>\n","protected":false},"excerpt":{"rendered":"<p>RAPPELS SUR LA S\u00c9CURIT\u00c9 AU STAND &#8211; Tous les pas de tir fonctionnent en auto-surveillance &#8211; Chacun doit \u00eatre VIGILANT ET RESPONSABLE pour lui-m\u00eame et ses voisins &#8211; Pas de&#8230; <span class=\"more-link\"><a href=\"https:\/\/www.tir-sportif-mandallaz.com\/?page_id=1658\">Read More<\/a><\/span><\/p>\n","protected":false},"author":1,"featured_media":0,"parent":0,"menu_order":4,"comment_status":"closed","ping_status":"closed","template":"","meta":[],"_links":{"self":[{"href":"https:\/\/www.tir-sportif-mandallaz.com\/index.php?rest_route=\/wp\/v2\/pages\/1658"}],"collection":[{"href":"https:\/\/www.tir-sportif-mandallaz.com\/index.php?rest_route=\/wp\/v2\/pages"}],"about":[{"href":"https:\/\/www.tir-sportif-mandallaz.com\/index.php?rest_route=\/wp\/v2\/types\/page"}],"author":[{"embeddable":true,"href":"https:\/\/www.tir-sportif-mandallaz.com\/index.php?rest_route=\/wp\/v2\/users\/1"}],"replies":[{"embeddable":true,"href":"https:\/\/www.tir-sportif-mandallaz.com\/index.php?rest_route=%2Fwp%2Fv2%2Fcomments&post=1658"}],"version-history":[{"count":37,"href":"https:\/\/www.tir-sportif-mandallaz.com\/index.php?rest_route=\/wp\/v2\/pages\/1658\/revisions"}],"predecessor-version":[{"id":2651,"href":"https:\/\/www.tir-sportif-mandallaz.com\/index.php?rest_route=\/wp\/v2\/pages\/1658\/revisions\/2651"}],"wp:attachment":[{"href":"https:\/\/www.tir-sportif-mandallaz.com\/index.php?rest_route=%2Fwp%2Fv2%2Fmedia&parent=1658"}],"curies":[{"name":"wp","href":"https:\/\/api.w.org\/{rel}","templated":true}]}}