{"id":1675,"date":"2018-09-20T14:17:09","date_gmt":"2018-09-20T13:17:09","guid":{"rendered":"http:\/\/www.tir-sportif-mandallaz.com\/?page_id=1675"},"modified":"2021-12-09T09:34:06","modified_gmt":"2021-12-09T08:34:06","slug":"inscriptions","status":"publish","type":"page","link":"https:\/\/www.tir-sportif-mandallaz.com\/?page_id=1675","title":{"rendered":"Inscriptions"},"content":{"rendered":"<p style=\"text-align: center;\"><span style=\"color: #000000;\">les nouvelles inscriptions se font <strong>sur parrainage exclusivement<\/strong>, au fur et \u00e0 mesure que d&rsquo;\u00e9ventuelles places se lib\u00e8rent.<br \/>\n<span style=\"color: #ff0000;\"><strong>Le club ayant atteint sa capacit\u00e9 maximum, nous ne pouvons plus accueillir de nouveaux tireurs pour la saison.<\/strong><\/span> Merci de votre compr\u00e9hension !<\/span><\/p>\n","protected":false},"excerpt":{"rendered":"<p>les nouvelles inscriptions se font sur parrainage exclusivement, au fur et \u00e0 mesure que d&rsquo;\u00e9ventuelles places se lib\u00e8rent. Le club ayant atteint sa capacit\u00e9 maximum, nous ne pouvons plus accueillir&#8230; <span class=\"more-link\"><a href=\"https:\/\/www.tir-sportif-mandallaz.com\/?page_id=1675\">Read More<\/a><\/span><\/p>\n","protected":false},"author":1,"featured_media":0,"parent":6,"menu_order":1,"comment_status":"closed","ping_status":"closed","template":"","meta":[],"_links":{"self":[{"href":"https:\/\/www.tir-sportif-mandallaz.com\/index.php?rest_route=\/wp\/v2\/pages\/1675"}],"collection":[{"href":"https:\/\/www.tir-sportif-mandallaz.com\/index.php?rest_route=\/wp\/v2\/pages"}],"about":[{"href":"https:\/\/www.tir-sportif-mandallaz.com\/index.php?rest_route=\/wp\/v2\/types\/page"}],"author":[{"embeddable":true,"href":"https:\/\/www.tir-sportif-mandallaz.com\/index.php?rest_route=\/wp\/v2\/users\/1"}],"replies":[{"embeddable":true,"href":"https:\/\/www.tir-sportif-mandallaz.com\/index.php?rest_route=%2Fwp%2Fv2%2Fcomments&post=1675"}],"version-history":[{"count":7,"href":"https:\/\/www.tir-sportif-mandallaz.com\/index.php?rest_route=\/wp\/v2\/pages\/1675\/revisions"}],"predecessor-version":[{"id":2832,"href":"https:\/\/www.tir-sportif-mandallaz.com\/index.php?rest_route=\/wp\/v2\/pages\/1675\/revisions\/2832"}],"up":[{"embeddable":true,"href":"https:\/\/www.tir-sportif-mandallaz.com\/index.php?rest_route=\/wp\/v2\/pages\/6"}],"wp:attachment":[{"href":"https:\/\/www.tir-sportif-mandallaz.com\/index.php?rest_route=%2Fwp%2Fv2%2Fmedia&parent=1675"}],"curies":[{"name":"wp","href":"https:\/\/api.w.org\/{rel}","templated":true}]}}