{"id":2051,"date":"2020-03-09T15:43:28","date_gmt":"2020-03-09T14:43:28","guid":{"rendered":"http:\/\/www.tir-sportif-mandallaz.com\/?page_id=2051"},"modified":"2022-05-03T17:25:38","modified_gmt":"2022-05-03T16:25:38","slug":"championnat-departemental","status":"publish","type":"page","link":"https:\/\/www.tir-sportif-mandallaz.com\/?page_id=2051","title":{"rendered":"Championnat d\u00e9partemental"},"content":{"rendered":"<p>R\u00e9sultats championnat d\u00e9partemental Armes Anciennes 2022 Haute-Savoie :<br \/>\n<span style=\"text-decoration: underline; color: #800000;\"><a style=\"color: #800000; text-decoration: underline;\" href=\"https:\/\/www.cdtir74.com\/evenements\/2022\/04\/02\/championnat-departemental-armes-anciennes-2022-1612714#resultats_anchor\" target=\"_blank\" rel=\"noopener\">https:\/\/www.cdtir74.com\/evenements\/2022\/04\/02\/championnat-departemental-armes-anciennes-2022-1612714#resultats_anchor<\/a><\/span><\/p>\n","protected":false},"excerpt":{"rendered":"<p>R\u00e9sultats championnat d\u00e9partemental Armes Anciennes 2022 Haute-Savoie : https:\/\/www.cdtir74.com\/evenements\/2022\/04\/02\/championnat-departemental-armes-anciennes-2022-1612714#resultats_anchor<\/p>\n","protected":false},"author":1,"featured_media":0,"parent":885,"menu_order":1,"comment_status":"closed","ping_status":"closed","template":"","meta":[],"_links":{"self":[{"href":"https:\/\/www.tir-sportif-mandallaz.com\/index.php?rest_route=\/wp\/v2\/pages\/2051"}],"collection":[{"href":"https:\/\/www.tir-sportif-mandallaz.com\/index.php?rest_route=\/wp\/v2\/pages"}],"about":[{"href":"https:\/\/www.tir-sportif-mandallaz.com\/index.php?rest_route=\/wp\/v2\/types\/page"}],"author":[{"embeddable":true,"href":"https:\/\/www.tir-sportif-mandallaz.com\/index.php?rest_route=\/wp\/v2\/users\/1"}],"replies":[{"embeddable":true,"href":"https:\/\/www.tir-sportif-mandallaz.com\/index.php?rest_route=%2Fwp%2Fv2%2Fcomments&post=2051"}],"version-history":[{"count":8,"href":"https:\/\/www.tir-sportif-mandallaz.com\/index.php?rest_route=\/wp\/v2\/pages\/2051\/revisions"}],"predecessor-version":[{"id":2903,"href":"https:\/\/www.tir-sportif-mandallaz.com\/index.php?rest_route=\/wp\/v2\/pages\/2051\/revisions\/2903"}],"up":[{"embeddable":true,"href":"https:\/\/www.tir-sportif-mandallaz.com\/index.php?rest_route=\/wp\/v2\/pages\/885"}],"wp:attachment":[{"href":"https:\/\/www.tir-sportif-mandallaz.com\/index.php?rest_route=%2Fwp%2Fv2%2Fmedia&parent=2051"}],"curies":[{"name":"wp","href":"https:\/\/api.w.org\/{rel}","templated":true}]}}