{"id":2053,"date":"2020-03-09T15:44:05","date_gmt":"2020-03-09T14:44:05","guid":{"rendered":"http:\/\/www.tir-sportif-mandallaz.com\/?page_id=2053"},"modified":"2022-05-06T17:12:48","modified_gmt":"2022-05-06T16:12:48","slug":"championnat-departemental","status":"publish","type":"page","link":"https:\/\/www.tir-sportif-mandallaz.com\/?page_id=2053","title":{"rendered":"Championnat d\u00e9partemental"},"content":{"rendered":"<p>R\u00e9sultats championnat d\u00e9partemental TAR 2022 Haute-Savoie :<br \/>\n<span style=\"text-decoration: underline; color: #800000;\"><a style=\"color: #800000; text-decoration: underline;\" href=\"https:\/\/www.cdtir74.com\/evenements\/2022\/04\/22\/championnat-departemental-tar-2022-1612715#resultats_anchor\" target=\"_blank\" rel=\"noopener\">https:\/\/www.cdtir74.com\/evenements\/2022\/04\/22\/championnat-departemental-tar-2022-1612715#resultats_anchor<\/a><\/span><\/p>\n<p><img loading=\"lazy\" class=\"alignnone size-medium wp-image-2905\" src=\"https:\/\/www.tir-sportif-mandallaz.com\/wp-content\/uploads\/2022\/05\/TAR-departemental-2022-Cible-de-lArve-600x450.jpg\" alt=\"\" width=\"600\" height=\"450\" srcset=\"https:\/\/www.tir-sportif-mandallaz.com\/wp-content\/uploads\/2022\/05\/TAR-departemental-2022-Cible-de-lArve-600x450.jpg 600w, https:\/\/www.tir-sportif-mandallaz.com\/wp-content\/uploads\/2022\/05\/TAR-departemental-2022-Cible-de-lArve-768x576.jpg 768w, https:\/\/www.tir-sportif-mandallaz.com\/wp-content\/uploads\/2022\/05\/TAR-departemental-2022-Cible-de-lArve.jpg 1024w\" sizes=\"(max-width: 600px) 100vw, 600px\" \/><\/p>\n<p><img loading=\"lazy\" class=\"alignnone size-medium wp-image-2907\" src=\"https:\/\/www.tir-sportif-mandallaz.com\/wp-content\/uploads\/2022\/05\/TAR-departemental-2022-Cible-du-Saleve-600x400.jpg\" alt=\"\" width=\"600\" height=\"400\" srcset=\"https:\/\/www.tir-sportif-mandallaz.com\/wp-content\/uploads\/2022\/05\/TAR-departemental-2022-Cible-du-Saleve-600x400.jpg 600w, https:\/\/www.tir-sportif-mandallaz.com\/wp-content\/uploads\/2022\/05\/TAR-departemental-2022-Cible-du-Saleve-768x512.jpg 768w, https:\/\/www.tir-sportif-mandallaz.com\/wp-content\/uploads\/2022\/05\/TAR-departemental-2022-Cible-du-Saleve.jpg 1024w\" sizes=\"(max-width: 600px) 100vw, 600px\" \/><\/p>\n","protected":false},"excerpt":{"rendered":"<p>R\u00e9sultats championnat d\u00e9partemental TAR 2022 Haute-Savoie : https:\/\/www.cdtir74.com\/evenements\/2022\/04\/22\/championnat-departemental-tar-2022-1612715#resultats_anchor<\/p>\n","protected":false},"author":1,"featured_media":0,"parent":876,"menu_order":1,"comment_status":"closed","ping_status":"closed","template":"","meta":[],"_links":{"self":[{"href":"https:\/\/www.tir-sportif-mandallaz.com\/index.php?rest_route=\/wp\/v2\/pages\/2053"}],"collection":[{"href":"https:\/\/www.tir-sportif-mandallaz.com\/index.php?rest_route=\/wp\/v2\/pages"}],"about":[{"href":"https:\/\/www.tir-sportif-mandallaz.com\/index.php?rest_route=\/wp\/v2\/types\/page"}],"author":[{"embeddable":true,"href":"https:\/\/www.tir-sportif-mandallaz.com\/index.php?rest_route=\/wp\/v2\/users\/1"}],"replies":[{"embeddable":true,"href":"https:\/\/www.tir-sportif-mandallaz.com\/index.php?rest_route=%2Fwp%2Fv2%2Fcomments&post=2053"}],"version-history":[{"count":10,"href":"https:\/\/www.tir-sportif-mandallaz.com\/index.php?rest_route=\/wp\/v2\/pages\/2053\/revisions"}],"predecessor-version":[{"id":2908,"href":"https:\/\/www.tir-sportif-mandallaz.com\/index.php?rest_route=\/wp\/v2\/pages\/2053\/revisions\/2908"}],"up":[{"embeddable":true,"href":"https:\/\/www.tir-sportif-mandallaz.com\/index.php?rest_route=\/wp\/v2\/pages\/876"}],"wp:attachment":[{"href":"https:\/\/www.tir-sportif-mandallaz.com\/index.php?rest_route=%2Fwp%2Fv2%2Fmedia&parent=2053"}],"curies":[{"name":"wp","href":"https:\/\/api.w.org\/{rel}","templated":true}]}}