{"id":2055,"date":"2020-03-09T15:44:55","date_gmt":"2020-03-09T14:44:55","guid":{"rendered":"http:\/\/www.tir-sportif-mandallaz.com\/?page_id=2055"},"modified":"2022-05-19T15:20:57","modified_gmt":"2022-05-19T14:20:57","slug":"championnat-regional","status":"publish","type":"page","link":"https:\/\/www.tir-sportif-mandallaz.com\/?page_id=2055","title":{"rendered":"Championnat r\u00e9gional"},"content":{"rendered":"<p>R\u00e9sultats championnat r\u00e9gional Armes Anciennes 2022 ligue Dauphin\u00e9-Savoie :<br \/>\n<a href=\"https:\/\/www.liguetirdauphinesavoie.com\/media\/uploaded\/sites\/7389\/kcupload\/files\/PALMARES%20FINAL.pdf\" target=\"_blank\" rel=\"noopener\"><span style=\"text-decoration: underline; color: #800000;\">https:\/\/www.liguetirdauphinesavoie.com\/media\/uploaded\/sites\/7389\/kcupload\/files\/PALMARES%20FINAL.pdf<\/span><\/a><\/p>\n","protected":false},"excerpt":{"rendered":"<p>R\u00e9sultats championnat r\u00e9gional Armes Anciennes 2022 ligue Dauphin\u00e9-Savoie : https:\/\/www.liguetirdauphinesavoie.com\/media\/uploaded\/sites\/7389\/kcupload\/files\/PALMARES%20FINAL.pdf<\/p>\n","protected":false},"author":1,"featured_media":0,"parent":885,"menu_order":2,"comment_status":"closed","ping_status":"closed","template":"","meta":[],"_links":{"self":[{"href":"https:\/\/www.tir-sportif-mandallaz.com\/index.php?rest_route=\/wp\/v2\/pages\/2055"}],"collection":[{"href":"https:\/\/www.tir-sportif-mandallaz.com\/index.php?rest_route=\/wp\/v2\/pages"}],"about":[{"href":"https:\/\/www.tir-sportif-mandallaz.com\/index.php?rest_route=\/wp\/v2\/types\/page"}],"author":[{"embeddable":true,"href":"https:\/\/www.tir-sportif-mandallaz.com\/index.php?rest_route=\/wp\/v2\/users\/1"}],"replies":[{"embeddable":true,"href":"https:\/\/www.tir-sportif-mandallaz.com\/index.php?rest_route=%2Fwp%2Fv2%2Fcomments&post=2055"}],"version-history":[{"count":8,"href":"https:\/\/www.tir-sportif-mandallaz.com\/index.php?rest_route=\/wp\/v2\/pages\/2055\/revisions"}],"predecessor-version":[{"id":2910,"href":"https:\/\/www.tir-sportif-mandallaz.com\/index.php?rest_route=\/wp\/v2\/pages\/2055\/revisions\/2910"}],"up":[{"embeddable":true,"href":"https:\/\/www.tir-sportif-mandallaz.com\/index.php?rest_route=\/wp\/v2\/pages\/885"}],"wp:attachment":[{"href":"https:\/\/www.tir-sportif-mandallaz.com\/index.php?rest_route=%2Fwp%2Fv2%2Fmedia&parent=2055"}],"curies":[{"name":"wp","href":"https:\/\/api.w.org\/{rel}","templated":true}]}}