{"id":2057,"date":"2020-03-09T15:45:22","date_gmt":"2020-03-09T14:45:22","guid":{"rendered":"http:\/\/www.tir-sportif-mandallaz.com\/?page_id=2057"},"modified":"2022-05-27T14:55:02","modified_gmt":"2022-05-27T13:55:02","slug":"championnat-regional","status":"publish","type":"page","link":"https:\/\/www.tir-sportif-mandallaz.com\/?page_id=2057","title":{"rendered":"Championnat r\u00e9gional"},"content":{"rendered":"<p>R\u00e9sultats championnat r\u00e9gional TAR 2022 ligue Dauphin\u00e9-Savoie :<br \/>\n<span style=\"color: #800000;\"><a style=\"color: #800000;\" href=\"https:\/\/www.liguetirdauphinesavoie.com\/media\/uploaded\/sites\/7389\/kcupload\/files\/PALMARESREGIONAUXTAR2022.pdf\" target=\"_blank\" rel=\"noopener\">https:\/\/www.liguetirdauphinesavoie.com\/media\/uploaded\/sites\/7389\/kcupload\/files\/PALMARESREGIONAUXTAR2022.pdf<\/a><\/span><\/p>\n","protected":false},"excerpt":{"rendered":"<p>R\u00e9sultats championnat r\u00e9gional TAR 2022 ligue Dauphin\u00e9-Savoie : https:\/\/www.liguetirdauphinesavoie.com\/media\/uploaded\/sites\/7389\/kcupload\/files\/PALMARESREGIONAUXTAR2022.pdf<\/p>\n","protected":false},"author":1,"featured_media":0,"parent":876,"menu_order":2,"comment_status":"closed","ping_status":"closed","template":"","meta":[],"_links":{"self":[{"href":"https:\/\/www.tir-sportif-mandallaz.com\/index.php?rest_route=\/wp\/v2\/pages\/2057"}],"collection":[{"href":"https:\/\/www.tir-sportif-mandallaz.com\/index.php?rest_route=\/wp\/v2\/pages"}],"about":[{"href":"https:\/\/www.tir-sportif-mandallaz.com\/index.php?rest_route=\/wp\/v2\/types\/page"}],"author":[{"embeddable":true,"href":"https:\/\/www.tir-sportif-mandallaz.com\/index.php?rest_route=\/wp\/v2\/users\/1"}],"replies":[{"embeddable":true,"href":"https:\/\/www.tir-sportif-mandallaz.com\/index.php?rest_route=%2Fwp%2Fv2%2Fcomments&post=2057"}],"version-history":[{"count":7,"href":"https:\/\/www.tir-sportif-mandallaz.com\/index.php?rest_route=\/wp\/v2\/pages\/2057\/revisions"}],"predecessor-version":[{"id":2913,"href":"https:\/\/www.tir-sportif-mandallaz.com\/index.php?rest_route=\/wp\/v2\/pages\/2057\/revisions\/2913"}],"up":[{"embeddable":true,"href":"https:\/\/www.tir-sportif-mandallaz.com\/index.php?rest_route=\/wp\/v2\/pages\/876"}],"wp:attachment":[{"href":"https:\/\/www.tir-sportif-mandallaz.com\/index.php?rest_route=%2Fwp%2Fv2%2Fmedia&parent=2057"}],"curies":[{"name":"wp","href":"https:\/\/api.w.org\/{rel}","templated":true}]}}