{"id":21,"date":"2013-05-16T20:29:19","date_gmt":"2013-05-16T19:29:19","guid":{"rendered":"http:\/\/www.tir-sportif-mandallaz.com\/?page_id=21"},"modified":"2026-01-12T10:37:22","modified_gmt":"2026-01-12T09:37:22","slug":"accueil-2","status":"publish","type":"page","link":"https:\/\/www.tir-sportif-mandallaz.com\/","title":{"rendered":"Accueil"},"content":{"rendered":"<p style=\"text-align: left;\"><span style=\"color: #ff0000;\"><strong>Le club ayant atteint sa capacit\u00e9 maximum, nous ne pouvons plus accueillir de nouveaux tireurs pour la saison.<\/strong><\/span><\/p>\n<p><span style=\"color: #0000ff;\"><b>LE STAND EST OUVERT LES DIMANCHES <\/b><\/span><span style=\"color: #ff0000;\"><strong>\u00e0 l&rsquo;exception du stand gongs.<\/strong><\/span><\/p>\n<p><span style=\"color: #333333;\"><strong><span style=\"text-decoration: underline;\">Petits rappels pour les \u00e9tourdis<\/span> :<br \/>\n<\/strong>&#8211;<span style=\"color: #ff0000;\"> Le stand est ferm\u00e9 les jours f\u00e9ri\u00e9s et la f\u00eate des m\u00e8res<\/span><\/span><span style=\"color: #ff0000;\"><br \/>\n<span style=\"color: #333333;\">&#8211; Les calibres sup\u00e9rieurs au 300W Mag ne sont pas autoris\u00e9s<br \/>\n<\/span><\/span><span style=\"color: #ff0000;\"><span style=\"color: #333333;\">&#8211; Le calibre 12 n&rsquo;est pas autoris\u00e9<br \/>\n&#8211; Le pas de tir 100m est r\u00e9serv\u00e9 aux armes d&rsquo;\u00e9paule<br \/>\n<\/span><span style=\"color: #333333;\">&#8211; Les pas de tir 25m et gongs sont r\u00e9serv\u00e9s aux armes de poing<\/span><\/span><\/p>\n<p><strong>Jours f\u00e9ri\u00e9s et de fermeture du stand 2026:<\/strong><br \/>\ndimanche 05 avril 2026 (P\u00e2ques)<br \/>\ndimanche 31 mai 2026 (f\u00eate des m\u00e8res)<br \/>\nsamedi 15 ao\u00fbt 2026 (Assomption)<br \/>\ndimanche 1er novembre 2026 (Toussaint)<br \/>\nmercredi 11 novembre 2026 (Armistice 1918)<\/p>\n<p>&nbsp;<\/p>\n<p><img loading=\"lazy\" class=\"size-full wp-image-850 alignleft\" src=\"http:\/\/www.tir-sportif-mandallaz.com\/wp-content\/uploads\/2015\/02\/logo_ss_contour_blanc.png\" alt=\"\" width=\"183\" height=\"210\" \/><img loading=\"lazy\" class=\"size-medium wp-image-1161 alignright\" src=\"http:\/\/www.tir-sportif-mandallaz.com\/wp-content\/uploads\/2013\/05\/web_coq_source_2010-300x208.jpg\" alt=\"\" width=\"300\" height=\"208\" srcset=\"https:\/\/www.tir-sportif-mandallaz.com\/wp-content\/uploads\/2013\/05\/web_coq_source_2010-300x208.jpg 300w, https:\/\/www.tir-sportif-mandallaz.com\/wp-content\/uploads\/2013\/05\/web_coq_source_2010.jpg 437w\" sizes=\"(max-width: 300px) 100vw, 300px\" \/><\/p>\n","protected":false},"excerpt":{"rendered":"<p>Le club ayant atteint sa capacit\u00e9 maximum, nous ne pouvons plus accueillir de nouveaux tireurs pour la saison. LE STAND EST OUVERT LES DIMANCHES \u00e0 l&rsquo;exception du stand gongs. Petits&#8230; <span class=\"more-link\"><a href=\"https:\/\/www.tir-sportif-mandallaz.com\/\">Read More<\/a><\/span><\/p>\n","protected":false},"author":1,"featured_media":0,"parent":0,"menu_order":1,"comment_status":"closed","ping_status":"open","template":"","meta":[],"_links":{"self":[{"href":"https:\/\/www.tir-sportif-mandallaz.com\/index.php?rest_route=\/wp\/v2\/pages\/21"}],"collection":[{"href":"https:\/\/www.tir-sportif-mandallaz.com\/index.php?rest_route=\/wp\/v2\/pages"}],"about":[{"href":"https:\/\/www.tir-sportif-mandallaz.com\/index.php?rest_route=\/wp\/v2\/types\/page"}],"author":[{"embeddable":true,"href":"https:\/\/www.tir-sportif-mandallaz.com\/index.php?rest_route=\/wp\/v2\/users\/1"}],"replies":[{"embeddable":true,"href":"https:\/\/www.tir-sportif-mandallaz.com\/index.php?rest_route=%2Fwp%2Fv2%2Fcomments&post=21"}],"version-history":[{"count":300,"href":"https:\/\/www.tir-sportif-mandallaz.com\/index.php?rest_route=\/wp\/v2\/pages\/21\/revisions"}],"predecessor-version":[{"id":2976,"href":"https:\/\/www.tir-sportif-mandallaz.com\/index.php?rest_route=\/wp\/v2\/pages\/21\/revisions\/2976"}],"wp:attachment":[{"href":"https:\/\/www.tir-sportif-mandallaz.com\/index.php?rest_route=%2Fwp%2Fv2%2Fmedia&parent=21"}],"curies":[{"name":"wp","href":"https:\/\/api.w.org\/{rel}","templated":true}]}}