{"id":2259,"date":"2020-05-25T13:36:48","date_gmt":"2020-05-25T12:36:48","guid":{"rendered":"http:\/\/www.tir-sportif-mandallaz.com\/?page_id=2259"},"modified":"2022-08-22T10:14:42","modified_gmt":"2022-08-22T09:14:42","slug":"permanences","status":"publish","type":"page","link":"https:\/\/www.tir-sportif-mandallaz.com\/?page_id=2259","title":{"rendered":"R\u00e9servations"},"content":{"rendered":"\t\t<form action=\"https:\/\/www.tir-sportif-mandallaz.com\/?page_id=2259\" id=\"bookacti-form-18-341977629\" class=\"bookacti-booking-form bookacti-booking-form-18 \" autocomplete=\"off\" >\n\t\t\t\t<input type='hidden' name='form_id' value='18'\/>\n\t\t\t<input type='hidden' name='action' value='bookactiSubmitLoginForm'\/>\n\t\t\t<div class='bookacti-form-field-container bookacti-form-field-name-login bookacti-form-field-type-login bookacti-form-field-id-70 bookacti-has-login-button bookacti-user-is-not-logged-in' id='bookacti-form-field-login-70-form-18-341977629' data-field-name=\"login\" data-field-type=\"login\" data-field-id=\"70\">\n\t\t\t\t<div class='bookacti-form-field-login-field-container bookacti-login-field-login-type bookacti-custom-radio-button-container bookacti-login-types-hidden' data-field-name='login_type'>\n\t\t\t\t\t\t<div class='bookacti-login-type-container bookacti-custom-radio-button bookacti-login-type-my_account' data-separator='ou'>\n\t\t\t\t\t<input type='radio' name='login_type' value='my_account' id='bookacti-form-18-341977629-login-type-my_account' required  checked='checked'\/>\n\t\t\t\t\t<label for='bookacti-form-18-341977629-login-type-my_account' \n\t\t\t\t\t\t   \n\t\t\t\t\t>\n\t\t\t\t\tSe connecter\t\t\t\t\t<\/label>\n\t\t\t\t<\/div>\n\t\t\t\t\t\t\t<\/div>\n\t\t\t\t<div class='bookacti-user-data-fields'>\n\t\t\t<div class='bookacti-log-in-fields'>\n\t\t\t\t\t\t\t\t<div class='bookacti-form-field-login-field-container bookacti-login-field-email' id='bookacti-form-field-login-70-form-18-341977629-email-container' data-field-name='email' data-field-type='email'>\n\t\t\t\t\t<div class='bookacti-form-field-label' >\n\t\t\t\t\t\t<label for='bookacti-form-field-login-70-form-18-341977629-email' >\n\t\t\t\t\t\t\tE-mail\t\t\t\t\t\t\t<span class='bookacti-required-field-indicator' title='Champ obligatoire'><\/span>\n\t\t\t\t\t\t<\/label>\n\t\t\t\t\t\t\t\t\t\t<\/div>\n\t\t\t\t\t<div class='bookacti-form-field-content' >\n\t\t\t\t\t\t\t<input type='text' \r\n\t\t\t\tname='email' \r\n\t\t\t\tvalue='' \r\n\t\t\t\tautocomplete='off'\r\n\t\t\t\tid='bookacti-form-field-login-70-form-18-341977629-email' \r\n\t\t\t\tclass='bookacti-input bookacti-form-field bookacti-email bookacti-required-field' \r\n\t\t\t\t\t\t\tplaceholder='' \r\n\t\t\t required\t\t\/>\r\n\t\t\t\t\t\t<\/div>\n\t\t\t\t\t\t\t\t\t<\/div>\n\t\t\t\t<div class='bookacti-form-field-login-field-container bookacti-login-field-password ' id='bookacti-form-field-login-70-form-18-341977629-password-container' data-field-name='password' data-field-type='password'>\n\t\t\t\t\t<div class='bookacti-form-field-label' >\n\t\t\t\t\t\t<label for='bookacti-form-field-login-70-form-18-341977629-password' >\n\t\t\t\t\t\t\tMot de passe\t\t\t\t\t\t\t<span class='bookacti-required-field-indicator' title='Champ obligatoire'><\/span>\n\t\t\t\t\t\t<\/label>\n\t\t\t\t\t<span class='bookacti-tip-icon bookacti-tip' data-tip='Choisissez un mot de passe fort (avec de nombreux caract\u00e8res).'><\/span>\t\t\t\t\t<\/div>\n\t\t\t\t\t<div class='bookacti-form-field-content' >\n\t\t\t\t\t\t\t<input type='password' \r\n\t\t\t\tname='password' \r\n\t\t\t\tvalue='' \r\n\t\t\t\tautocomplete='off'\r\n\t\t\t\tid='bookacti-form-field-login-70-form-18-341977629-password' \r\n\t\t\t\tclass='bookacti-input bookacti-form-field bookacti-password bookacti-required-field' \r\n\t\t\t\t\t\t\tplaceholder='' \r\n\t\t\t required\t\t\/>\r\n\t\t\t\t\t\t\t\t<div class='bookacti-password-strength' style='display:none;'>\n\t\t\t\t\t\t\t\t<span class='bookacti-password-strength-meter'><\/span>\n\t\t\t\t\t\t\t\t<input type='hidden' name='password_strength' class='bookacti-password_strength' value='0' min='3' \/>\n\t\t\t\t\t\t\t<\/div>\n\t\t\t\t\t\t\t\t\t\t\t\t\t\t<div class='bookacti-forgotten-password' >\n\t\t\t\t\t\t\t\t<a href='#' class='bookacti-forgotten-password-link' data-field-id='bookacti-form-field-login-70-form-18-341977629'>Mot de passe oubli\u00e9\u00a0?<\/a>\n\t\t\t\t\t\t\t<span class='bookacti-tip-icon bookacti-tip' data-tip='Cliquer sur ce lien pour recevoir un e-mail permettant de changer le mot de passe.'><\/span>\t\t\t\t\t\t\t<\/div>\n\t\t\t\t\t\t\t\t\t\t\t\t\t\t<div data-field-id='bookacti-form-field-login-70-form-18-341977629' class='bookacti-backend-dialog bookacti-forgotten-password-dialog bookacti-form-dialog' title='Mot de passe oubli\u00e9' style='display:none;'>\n\t\t\t\t\t\t\t\t<div class='bookacti-forgotten-password-dialog-description' >\n\t\t\t\t\t\t\t\t\t<p>\n\t\t\t\t\t\t\t\t\tVeuillez saisir votre adresse de messagerie. Vous recevrez un lien pour cr\u00e9er un nouveau mot de passe par e-mail.\t\t\t\t\t\t\t\t\t<\/p>\n\t\t\t\t\t\t\t\t<\/div>\n\t\t\t\t\t\t\t\t<div class='bookacti-forgotten-password-dialog-fields' >\n\t\t\t\t\t\t\t\t\t\t\t<div class='bookacti-field-container ' id='bookacti-forgotten-password-email-bookacti-form-field-login-70-form-18-341977629-container'>\r\n\t\t\t\t<input type='email' \r\n\t\t\t\tname='forgotten_password_email' \r\n\t\t\t\tvalue='' \r\n\t\t\t\tautocomplete='off'\r\n\t\t\t\tid='bookacti-forgotten-password-email-bookacti-form-field-login-70-form-18-341977629' \r\n\t\t\t\tclass='bookacti-input bookacti-forgotten-password-email' \r\n\t\t\t\t\t\t\tplaceholder='Votre adresse e-mail' \r\n\t\t\t\t\t\/>\r\n\t\t\t<\/div>\r\n\t\t\t\t\t\t\t\t\t<\/div>\n\t\t\t\t\t\t\t<\/div>\n\t\t\t\t\t\t\t\t\t\t\t<\/div>\n\t\t\t\t\t\t\t\t\t<\/div>\n\t\t\t\t\t\t\t<\/div>\n\t\t\t\t\t\t<div class='bookacti-form-field-login-field-container bookacti-login-field-submit-button' id='bookacti-form-field-login-70-form-18-341977629-submit-button' style='display:none;'>\n\t\t\t\t<input type='submit' value='Se connecter' class='bookacti-login-button button' data-login-label='Se connecter' data-register-label='Inscription'\/>\n\t\t\t<\/div>\n\t\t\t\t\t<\/div>\n\t<\/div>\n\t\t\t\t<div class='bookacti-notices' style='display:none;'><\/div>\n\t\t\t<\/form>\n\t\n<p><span style=\"color: #800000;\">En cas d&#8217;emp\u00eachement, il est possible d&rsquo;annuler sa permanence directement sur le site au plus tard 8 jours \u00e0 l&rsquo;avance.<\/span><br \/>\n<span style=\"color: #800000;\">Pass\u00e9 ce d\u00e9lai il est demand\u00e9 au permanent de se trouver un rempla\u00e7ant !<\/span><\/p>\n","protected":false},"excerpt":{"rendered":"<p>En cas d&#8217;emp\u00eachement, il est possible d&rsquo;annuler sa permanence directement sur le site au plus tard 8 jours \u00e0 l&rsquo;avance. Pass\u00e9 ce d\u00e9lai il est demand\u00e9 au permanent de se&#8230; <span class=\"more-link\"><a href=\"https:\/\/www.tir-sportif-mandallaz.com\/?page_id=2259\">Read More<\/a><\/span><\/p>\n","protected":false},"author":1,"featured_media":0,"parent":1658,"menu_order":3,"comment_status":"closed","ping_status":"closed","template":"","meta":[],"_links":{"self":[{"href":"https:\/\/www.tir-sportif-mandallaz.com\/index.php?rest_route=\/wp\/v2\/pages\/2259"}],"collection":[{"href":"https:\/\/www.tir-sportif-mandallaz.com\/index.php?rest_route=\/wp\/v2\/pages"}],"about":[{"href":"https:\/\/www.tir-sportif-mandallaz.com\/index.php?rest_route=\/wp\/v2\/types\/page"}],"author":[{"embeddable":true,"href":"https:\/\/www.tir-sportif-mandallaz.com\/index.php?rest_route=\/wp\/v2\/users\/1"}],"replies":[{"embeddable":true,"href":"https:\/\/www.tir-sportif-mandallaz.com\/index.php?rest_route=%2Fwp%2Fv2%2Fcomments&post=2259"}],"version-history":[{"count":68,"href":"https:\/\/www.tir-sportif-mandallaz.com\/index.php?rest_route=\/wp\/v2\/pages\/2259\/revisions"}],"predecessor-version":[{"id":2937,"href":"https:\/\/www.tir-sportif-mandallaz.com\/index.php?rest_route=\/wp\/v2\/pages\/2259\/revisions\/2937"}],"up":[{"embeddable":true,"href":"https:\/\/www.tir-sportif-mandallaz.com\/index.php?rest_route=\/wp\/v2\/pages\/1658"}],"wp:attachment":[{"href":"https:\/\/www.tir-sportif-mandallaz.com\/index.php?rest_route=%2Fwp%2Fv2%2Fmedia&parent=2259"}],"curies":[{"name":"wp","href":"https:\/\/api.w.org\/{rel}","templated":true}]}}