{"id":2366,"date":"2020-09-17T14:19:27","date_gmt":"2020-09-17T13:19:27","guid":{"rendered":"https:\/\/www.tir-sportif-mandallaz.com\/?page_id=2366"},"modified":"2022-08-22T10:35:38","modified_gmt":"2022-08-22T09:35:38","slug":"pas-de-tir-25-50m","status":"publish","type":"page","link":"https:\/\/www.tir-sportif-mandallaz.com\/?page_id=2366","title":{"rendered":"Pas de tir 25\/50m"},"content":{"rendered":"<p style=\"font-weight: 400;\"><strong>Fonctionnement en auto surveillance avec un responsable du pas de tir \u00a0<\/strong><\/p>\n<p style=\"font-weight: 400;\">Le 1<sup>er<\/sup>\u00a0tireur arriv\u00e9 sera consid\u00e9r\u00e9 comme\u00a0<strong>responsable du pas de tir<\/strong> le temps de sa pr\u00e9sence et s\u2019inscrit sur le tableau pr\u00e9vu \u00e0 cet effet dans le pas de tir 25-50m.<\/p>\n<p style=\"font-weight: 400;\">Le responsable du pas de tir allume les gyrophares rouges avant de donner l\u2019autorisation d\u2019aller vers les cibles.<\/p>\n<p style=\"font-weight: 400;\">Lorsque les gyrophares rouges sont allum\u00e9s, les tireurs doivent rester en arri\u00e8re de la ligne jaune au sol.\u00a0<strong>Interdiction de toucher aux armes, \u00e9l\u00e9ments d\u2019armes et munitions<\/strong>.<\/p>\n<p style=\"font-weight: 400;\"><strong>Gyrophare \u00e9teint \u00e9gal DANGER<\/strong>.<\/p>\n<p style=\"font-weight: 400;\">Au retour des cibles , le responsable du pas de tir v\u00e9rifie que tout le monde est revenu avant d\u2019\u00e9teindre les gyrophares et de donner l\u2019autorisation de la reprise du tir.<\/p>\n<p>Pendant ce temps, les tireurs rest\u00e9s sur le pas de tir 25m demeurent <span style=\"color: #000000;\"><strong>derri\u00e8re la ligne jaune<\/strong><\/span>, et ceux au 50m <span style=\"color: #000000;\"><strong>se l\u00e8vent et reculent derri\u00e8re les tables<\/strong><\/span>.<\/p>\n<p>Tous les pas de tir du stand reposent sur l&rsquo;autodiscipline. Chacun doit \u00eatre <span style=\"color: #000000;\"><strong>VIGILANT ET RESPONSABLE<\/strong><\/span> pour lui-m\u00eame et ses voisins, et appliquer scrupuleusement les r\u00e8gles de s\u00e9curit\u00e9 :<br \/>\n<a href=\"https:\/\/www.tir-sportif-mandallaz.com\/?page_id=1658\" target=\"_blank\" rel=\"noopener noreferrer\"><span style=\"text-decoration: underline;\"><em>https:\/\/www.tir-sportif-mandallaz.com\/?page_id=1658<\/em><\/span><\/a><\/p>\n","protected":false},"excerpt":{"rendered":"<p>Fonctionnement en auto surveillance avec un responsable du pas de tir \u00a0 Le 1er\u00a0tireur arriv\u00e9 sera consid\u00e9r\u00e9 comme\u00a0responsable du pas de tir le temps de sa pr\u00e9sence et s\u2019inscrit sur&#8230; <span class=\"more-link\"><a href=\"https:\/\/www.tir-sportif-mandallaz.com\/?page_id=2366\">Read More<\/a><\/span><\/p>\n","protected":false},"author":1,"featured_media":0,"parent":1658,"menu_order":1,"comment_status":"closed","ping_status":"closed","template":"","meta":[],"_links":{"self":[{"href":"https:\/\/www.tir-sportif-mandallaz.com\/index.php?rest_route=\/wp\/v2\/pages\/2366"}],"collection":[{"href":"https:\/\/www.tir-sportif-mandallaz.com\/index.php?rest_route=\/wp\/v2\/pages"}],"about":[{"href":"https:\/\/www.tir-sportif-mandallaz.com\/index.php?rest_route=\/wp\/v2\/types\/page"}],"author":[{"embeddable":true,"href":"https:\/\/www.tir-sportif-mandallaz.com\/index.php?rest_route=\/wp\/v2\/users\/1"}],"replies":[{"embeddable":true,"href":"https:\/\/www.tir-sportif-mandallaz.com\/index.php?rest_route=%2Fwp%2Fv2%2Fcomments&post=2366"}],"version-history":[{"count":11,"href":"https:\/\/www.tir-sportif-mandallaz.com\/index.php?rest_route=\/wp\/v2\/pages\/2366\/revisions"}],"predecessor-version":[{"id":2939,"href":"https:\/\/www.tir-sportif-mandallaz.com\/index.php?rest_route=\/wp\/v2\/pages\/2366\/revisions\/2939"}],"up":[{"embeddable":true,"href":"https:\/\/www.tir-sportif-mandallaz.com\/index.php?rest_route=\/wp\/v2\/pages\/1658"}],"wp:attachment":[{"href":"https:\/\/www.tir-sportif-mandallaz.com\/index.php?rest_route=%2Fwp%2Fv2%2Fmedia&parent=2366"}],"curies":[{"name":"wp","href":"https:\/\/api.w.org\/{rel}","templated":true}]}}