{"id":2691,"date":"2021-10-17T17:37:28","date_gmt":"2021-10-17T16:37:28","guid":{"rendered":"https:\/\/www.tir-sportif-mandallaz.com\/?page_id=2691"},"modified":"2026-01-12T10:47:25","modified_gmt":"2026-01-12T09:47:25","slug":"calendrier-competitions-fftir","status":"publish","type":"page","link":"https:\/\/www.tir-sportif-mandallaz.com\/?page_id=2691","title":{"rendered":"Calendrier des comp\u00e9titions"},"content":{"rendered":"<ul>\n<li><em><span style=\"color: #993300;\"><span style=\"text-decoration: underline;\">Championnats d\u00e9partementaux<\/span><\/span><\/em><\/li>\n<li><a href=\"https:\/\/www.liguetirdauphinesavoie.com\/en-savoir-plus\/calendrier-chpts-regionaux-2021-2022-116563\" target=\"_blank\" rel=\"noopener\"><span style=\"text-decoration: underline;\"><span style=\"color: #993300;\"><em>Championnats r\u00e9gionaux et France<\/em><\/span><\/span><\/a><\/li>\n<li><span style=\"color: #993300;\"><a style=\"color: #993300;\" href=\"https:\/\/www.fftir.org\/circuits-nationaux\/\" target=\"_blank\" rel=\"noopener noreferrer\"><em><span style=\"text-decoration: underline;\">Circuits nationaux<\/span><\/em><\/a><\/span><\/li>\n<li><span style=\"color: #993300;\"><a style=\"color: #993300;\" href=\"https:\/\/www.fftir.org\/les-calendriers\" target=\"_blank\" rel=\"noopener\"><em><span style=\"text-decoration: underline;\">Calendrier comp\u00e9titions FFTir<\/span><\/em><\/a><\/span><\/li>\n<li><span style=\"text-decoration: underline;\"><span style=\"color: #993300;\"><a style=\"color: #993300;\" href=\"https:\/\/www.fftir.org\/reglements-sportifs\/\" target=\"_blank\" rel=\"noopener noreferrer\"><em>R\u00e8glements sportifs<\/em><\/a><\/span><\/span><\/li>\n<li><a href=\"https:\/\/www.fftir.org\/rgs-vie-nationale\/\" target=\"_blank\" rel=\"noopener\"><span style=\"text-decoration: underline;\"><span style=\"color: #993300;\"><em>R\u00e8glement gestion sportive nationale<\/em><\/span><\/span><\/a><\/li>\n<\/ul>\n<p>PDF calendrier des comp\u00e9titions: <a href=\"https:\/\/www.tir-sportif-mandallaz.com\/wp-content\/uploads\/2026\/01\/TABLEAU-DEPT-GS-2025-2026-CDTIR74-ed-16-07-2025.pdf\">TABLEAU-DEPT-GS-2025-2026-CDTIR74-ed-16-07-2025<\/a><\/p>\n<p><img loading=\"lazy\" class=\"wp-image-2979 size-full alignnone\" src=\"https:\/\/www.tir-sportif-mandallaz.com\/wp-content\/uploads\/2026\/01\/tsm_calendrier_1.png\" alt=\"\" width=\"743\" height=\"987\" srcset=\"https:\/\/www.tir-sportif-mandallaz.com\/wp-content\/uploads\/2026\/01\/tsm_calendrier_1.png 743w, https:\/\/www.tir-sportif-mandallaz.com\/wp-content\/uploads\/2026\/01\/tsm_calendrier_1-452x600.png 452w\" sizes=\"(max-width: 743px) 100vw, 743px\" \/><\/p>\n<p><img loading=\"lazy\" class=\"wp-image-2980 size-full alignnone\" src=\"https:\/\/www.tir-sportif-mandallaz.com\/wp-content\/uploads\/2026\/01\/tsm_calendrier_2.png\" alt=\"\" width=\"749\" height=\"929\" srcset=\"https:\/\/www.tir-sportif-mandallaz.com\/wp-content\/uploads\/2026\/01\/tsm_calendrier_2.png 749w, https:\/\/www.tir-sportif-mandallaz.com\/wp-content\/uploads\/2026\/01\/tsm_calendrier_2-484x600.png 484w\" sizes=\"(max-width: 749px) 100vw, 749px\" \/><\/p>\n<p><img loading=\"lazy\" class=\"wp-image-2981 size-full alignnone\" src=\"https:\/\/www.tir-sportif-mandallaz.com\/wp-content\/uploads\/2026\/01\/tsm_calendrier_3.png\" alt=\"\" width=\"750\" height=\"472\" srcset=\"https:\/\/www.tir-sportif-mandallaz.com\/wp-content\/uploads\/2026\/01\/tsm_calendrier_3.png 750w, https:\/\/www.tir-sportif-mandallaz.com\/wp-content\/uploads\/2026\/01\/tsm_calendrier_3-600x378.png 600w\" sizes=\"(max-width: 750px) 100vw, 750px\" \/><\/p>\n","protected":false},"excerpt":{"rendered":"<p>Championnats d\u00e9partementaux Championnats r\u00e9gionaux et France Circuits nationaux Calendrier comp\u00e9titions FFTir R\u00e8glements sportifs R\u00e8glement gestion sportive nationale PDF calendrier des comp\u00e9titions: TABLEAU-DEPT-GS-2025-2026-CDTIR74-ed-16-07-2025<\/p>\n","protected":false},"author":1,"featured_media":0,"parent":53,"menu_order":1,"comment_status":"closed","ping_status":"closed","template":"","meta":[],"_links":{"self":[{"href":"https:\/\/www.tir-sportif-mandallaz.com\/index.php?rest_route=\/wp\/v2\/pages\/2691"}],"collection":[{"href":"https:\/\/www.tir-sportif-mandallaz.com\/index.php?rest_route=\/wp\/v2\/pages"}],"about":[{"href":"https:\/\/www.tir-sportif-mandallaz.com\/index.php?rest_route=\/wp\/v2\/types\/page"}],"author":[{"embeddable":true,"href":"https:\/\/www.tir-sportif-mandallaz.com\/index.php?rest_route=\/wp\/v2\/users\/1"}],"replies":[{"embeddable":true,"href":"https:\/\/www.tir-sportif-mandallaz.com\/index.php?rest_route=%2Fwp%2Fv2%2Fcomments&post=2691"}],"version-history":[{"count":10,"href":"https:\/\/www.tir-sportif-mandallaz.com\/index.php?rest_route=\/wp\/v2\/pages\/2691\/revisions"}],"predecessor-version":[{"id":2693,"href":"https:\/\/www.tir-sportif-mandallaz.com\/index.php?rest_route=\/wp\/v2\/pages\/2691\/revisions\/2693"}],"up":[{"embeddable":true,"href":"https:\/\/www.tir-sportif-mandallaz.com\/index.php?rest_route=\/wp\/v2\/pages\/53"}],"wp:attachment":[{"href":"https:\/\/www.tir-sportif-mandallaz.com\/index.php?rest_route=%2Fwp%2Fv2%2Fmedia&parent=2691"}],"curies":[{"name":"wp","href":"https:\/\/api.w.org\/{rel}","templated":true}]}}