{"id":53,"date":"2013-05-16T21:30:23","date_gmt":"2013-05-16T20:30:23","guid":{"rendered":"http:\/\/www.tir-sportif-mandallaz.com\/?page_id=53"},"modified":"2021-10-17T17:34:07","modified_gmt":"2021-10-17T16:34:07","slug":"competitions","status":"publish","type":"page","link":"https:\/\/www.tir-sportif-mandallaz.com\/?page_id=53","title":{"rendered":"COMP\u00c9TITIONS"},"content":{"rendered":"<p><span style=\"color: #000000;\"><strong>Infos et calendriers comp\u00e9titions :<\/strong><\/span><\/p>\n<ul>\n<li><a href=\"https:\/\/www.cdtir74.com\/media\/uploaded\/sites\/1487\/document\/605b6f01a5f80_CalendrierCDTIR74Championantdt202121032021.pdf\" target=\"_blank\" rel=\"noopener\"><span style=\"color: #993300;\"><em><span style=\"text-decoration: underline;\">Championnats d\u00e9partementaux<\/span><\/em><\/span><\/a><\/li>\n<li><a href=\"https:\/\/www.liguetirdauphinesavoie.com\/media\/uploaded\/sites\/7389\/kcupload\/files\/CALENDRIER%20REGIONAUX%202021-2022.pdf\" target=\"_blank\" rel=\"noopener\"><span style=\"color: #993300;\"><em><span style=\"text-decoration: underline;\">Championnats r\u00e9gionaux et France<\/span><\/em><\/span><\/a><\/li>\n<li><span style=\"color: #993300;\"><a style=\"color: #993300;\" href=\"https:\/\/www.fftir.org\/circuits-nationaux\/\" target=\"_blank\" rel=\"noopener noreferrer\"><em><span style=\"text-decoration: underline;\">Circuits nationaux<\/span><\/em><\/a><\/span><\/li>\n<li><span style=\"text-decoration: underline;\"><span style=\"color: #993300;\"><a style=\"color: #993300;\" href=\"https:\/\/www.fftir.org\/les-calendriers\" target=\"_blank\" rel=\"noopener\"><em>Calendrier comp\u00e9titions FFTir<\/em><\/a><\/span><\/span><\/li>\n<li><span style=\"color: #993300;\"><a style=\"color: #993300;\" href=\"https:\/\/www.fftir.org\/reglements-sportifs\/\" target=\"_blank\" rel=\"noopener noreferrer\"><em><span style=\"text-decoration: underline;\">R\u00e8glements sportifs<\/span><\/em><\/a><\/span><\/li>\n<li><a href=\"https:\/\/www.fftir.org\/wp-content\/uploads\/2020\/10\/RGS-Inter-2021-26-10-2020.pdf\" target=\"_blank\" rel=\"noopener\"><span style=\"color: #800000;\"><span style=\"text-decoration: underline; color: #993300;\"><em>R\u00e8glement gestion sportive nationale 2020-2021<\/em><\/span><\/span><\/a><em><br \/>\n<\/em><\/li>\n<\/ul>\n","protected":false},"excerpt":{"rendered":"<p>Infos et calendriers comp\u00e9titions : Championnats d\u00e9partementaux Championnats r\u00e9gionaux et France Circuits nationaux Calendrier comp\u00e9titions FFTir R\u00e8glements sportifs R\u00e8glement gestion sportive nationale 2020-2021<\/p>\n","protected":false},"author":1,"featured_media":0,"parent":0,"menu_order":5,"comment_status":"closed","ping_status":"open","template":"","meta":[],"_links":{"self":[{"href":"https:\/\/www.tir-sportif-mandallaz.com\/index.php?rest_route=\/wp\/v2\/pages\/53"}],"collection":[{"href":"https:\/\/www.tir-sportif-mandallaz.com\/index.php?rest_route=\/wp\/v2\/pages"}],"about":[{"href":"https:\/\/www.tir-sportif-mandallaz.com\/index.php?rest_route=\/wp\/v2\/types\/page"}],"author":[{"embeddable":true,"href":"https:\/\/www.tir-sportif-mandallaz.com\/index.php?rest_route=\/wp\/v2\/users\/1"}],"replies":[{"embeddable":true,"href":"https:\/\/www.tir-sportif-mandallaz.com\/index.php?rest_route=%2Fwp%2Fv2%2Fcomments&post=53"}],"version-history":[{"count":77,"href":"https:\/\/www.tir-sportif-mandallaz.com\/index.php?rest_route=\/wp\/v2\/pages\/53\/revisions"}],"predecessor-version":[{"id":2690,"href":"https:\/\/www.tir-sportif-mandallaz.com\/index.php?rest_route=\/wp\/v2\/pages\/53\/revisions\/2690"}],"wp:attachment":[{"href":"https:\/\/www.tir-sportif-mandallaz.com\/index.php?rest_route=%2Fwp%2Fv2%2Fmedia&parent=53"}],"curies":[{"name":"wp","href":"https:\/\/api.w.org\/{rel}","templated":true}]}}