{"id":6,"date":"2013-05-16T19:37:46","date_gmt":"2013-05-16T18:37:46","guid":{"rendered":"http:\/\/www.tir-sportif-mandallaz.com\/?page_id=6"},"modified":"2022-04-07T13:20:57","modified_gmt":"2022-04-07T12:20:57","slug":"la-vie-du-club","status":"publish","type":"page","link":"https:\/\/www.tir-sportif-mandallaz.com\/?page_id=6","title":{"rendered":"LE CLUB"},"content":{"rendered":"<p><strong><span style=\"color: #800000;\"><span style=\"color: #333333;\">&gt; Le stand est ferm\u00e9 les jours f\u00e9ri\u00e9s<br \/>\n<\/span><\/span><\/strong><strong><span style=\"color: #800000;\"><span style=\"color: #333333;\">&gt; Le pas de tir 25\/50m est ferm\u00e9 pour travaux<br \/>\n<\/span><\/span><\/strong><strong><span style=\"color: #800000;\"><span style=\"color: #333333;\">&gt; Les calibres sup\u00e9rieurs au 300W Mag ne sont pas autoris\u00e9s<\/span><\/span><\/strong><\/p>\n<p><strong><span style=\"color: #800000;\">FONCTIONNEMENT DES PAS DE TIR<\/span><br \/>\n<\/strong><em><a href=\"https:\/\/www.tir-sportif-mandallaz.com\/?page_id=2366\" target=\"_blank\" rel=\"noopener\"><span style=\"color: #0000ff;\"><span style=\"text-decoration: underline;\">Pas de tir 25\/50m<\/span><\/span><\/a><\/em><strong><br \/>\n<\/strong><em><a href=\"https:\/\/www.tir-sportif-mandallaz.com\/?page_id=1750\" target=\"_blank\" rel=\"noopener\"><span style=\"color: #0000ff;\"><span style=\"text-decoration: underline;\">Pas de tir 100m<\/span><\/span><\/a><\/em><\/p>\n<p><span style=\"color: #800000;\"><strong>CONTR\u00d4LE D\u2019ASSIDUIT\u00c9<\/strong><\/span><br \/>\n<span style=\"color: #333333;\">Une s\u00e9ance minimum d\u2019entrainement par trimestre est demand\u00e9e pour justifier ou non de la d\u00e9livrance des avis favorables.<\/span><br \/>\n<span style=\"color: #333333;\">Pour les moins assidus, une v\u00e9rification des connaissances en mati\u00e8re de s\u00e9curit\u00e9, maniement et tir peut \u00eatre effectu\u00e9e par une personne habilit\u00e9e en vue de valider ou non la session trimestrielle.<\/span><\/p>\n","protected":false},"excerpt":{"rendered":"<p>&gt; Le stand est ferm\u00e9 les jours f\u00e9ri\u00e9s &gt; Le pas de tir 25\/50m est ferm\u00e9 pour travaux &gt; Les calibres sup\u00e9rieurs au 300W Mag ne sont pas autoris\u00e9s FONCTIONNEMENT&#8230; <span class=\"more-link\"><a href=\"https:\/\/www.tir-sportif-mandallaz.com\/?page_id=6\">Read More<\/a><\/span><\/p>\n","protected":false},"author":1,"featured_media":0,"parent":0,"menu_order":2,"comment_status":"closed","ping_status":"open","template":"","meta":[],"_links":{"self":[{"href":"https:\/\/www.tir-sportif-mandallaz.com\/index.php?rest_route=\/wp\/v2\/pages\/6"}],"collection":[{"href":"https:\/\/www.tir-sportif-mandallaz.com\/index.php?rest_route=\/wp\/v2\/pages"}],"about":[{"href":"https:\/\/www.tir-sportif-mandallaz.com\/index.php?rest_route=\/wp\/v2\/types\/page"}],"author":[{"embeddable":true,"href":"https:\/\/www.tir-sportif-mandallaz.com\/index.php?rest_route=\/wp\/v2\/users\/1"}],"replies":[{"embeddable":true,"href":"https:\/\/www.tir-sportif-mandallaz.com\/index.php?rest_route=%2Fwp%2Fv2%2Fcomments&post=6"}],"version-history":[{"count":17,"href":"https:\/\/www.tir-sportif-mandallaz.com\/index.php?rest_route=\/wp\/v2\/pages\/6\/revisions"}],"predecessor-version":[{"id":2898,"href":"https:\/\/www.tir-sportif-mandallaz.com\/index.php?rest_route=\/wp\/v2\/pages\/6\/revisions\/2898"}],"wp:attachment":[{"href":"https:\/\/www.tir-sportif-mandallaz.com\/index.php?rest_route=%2Fwp%2Fv2%2Fmedia&parent=6"}],"curies":[{"name":"wp","href":"https:\/\/api.w.org\/{rel}","templated":true}]}}