{"id":878,"date":"2015-04-21T12:31:45","date_gmt":"2015-04-21T11:31:45","guid":{"rendered":"http:\/\/www.tir-sportif-mandallaz.com\/?page_id=878"},"modified":"2021-04-13T17:27:25","modified_gmt":"2021-04-13T16:27:25","slug":"tir-sportif-de-vitesse","status":"publish","type":"page","link":"https:\/\/www.tir-sportif-mandallaz.com\/?page_id=878","title":{"rendered":"Tir sportif de vitesse"},"content":{"rendered":"<p><a href=\"http:\/\/www.tir-sportif-mandallaz.com\/wp-content\/uploads\/2015\/04\/Eric-PR-Image-4.jpg\"><img loading=\"lazy\" class=\"alignnone size-full wp-image-1060\" src=\"http:\/\/www.tir-sportif-mandallaz.com\/wp-content\/uploads\/2015\/04\/Eric-PR-Image-4.jpg\" alt=\"Eric-PR-Image-4\" width=\"600\" height=\"400\" srcset=\"https:\/\/www.tir-sportif-mandallaz.com\/wp-content\/uploads\/2015\/04\/Eric-PR-Image-4.jpg 600w, https:\/\/www.tir-sportif-mandallaz.com\/wp-content\/uploads\/2015\/04\/Eric-PR-Image-4-300x200.jpg 300w, https:\/\/www.tir-sportif-mandallaz.com\/wp-content\/uploads\/2015\/04\/Eric-PR-Image-4-440x294.jpg 440w\" sizes=\"(max-width: 600px) 100vw, 600px\" \/><\/a><\/p>\n<p style=\"text-align: left;\"><span style=\"color: #993300;\"><strong>\u00a0\u00a0\u00a0\u00a0\u00a0\u00a0\u00a0\u00a0\u00a0\u00a0\u00a0\u00a0\u00a0\u00a0\u00a0\u00a0\u00a0\u00a0\u00a0\u00a0\u00a0\u00a0\u00a0\u00a0\u00a0<\/strong><\/span> <span style=\"color: #800000;\"><strong><br \/>\n<\/strong><\/span>Si la silhouette m\u00e9tallique est n\u00e9e au Mexique, le Tir Sportif de Vitesse <acronym class=\"acro\">(T.S.V)<\/acronym> est lui un pur produit \u00ab made in U.S.A. \u00bb.<br \/>\nLa paternit\u00e9 en est unanimement attribu\u00e9e, nous ne pouvons en France le nier, \u00e0 l\u2019am\u00e9ricain Jeff Cooper, et se retrouve aujourd\u2019hui r\u00e9gie par l\u2019International Practical Shooting Corporation <acronym class=\"acro\">(I.P.S.C.)<\/acronym>.<br \/>\nCette discipline, tant convoit\u00e9e, trouve sa d\u00e9finition r\u00e9sum\u00e9e dans un sigle immuable et commun \u00e0 tous les pays qui la pratiquent :<\/p>\n<div class=\"centre\"><span class=\"dix8rougegras\"><acronym>D V C<\/acronym><\/span><br \/>\n<span class=\"gras\"><span class=\"plusunrouge\">D<\/span>iligentia, <span class=\"plusunrouge\">V<\/span>is, <span class=\"plusunrouge\">C<\/span>eleritas<br \/>\nPr\u00e9cision Puissance Vitesse<\/span><\/div>\n<p>En effet, que demander de plus \u00e0 celui qui utilise une arme de poing, qu\u2019\u00eatre le plus rapide dans toutes les circonstances avec le maximum de puissance et de pr\u00e9cision.<br \/>\nM\u00eame si les revolvers y sont autoris\u00e9s, les armes utilis\u00e9es sont, pour des raisons \u00e9videntes de capacit\u00e9, des pistolets automatiques.<br \/>\nLe colt Government en 45 est maintenant d\u00e9tr\u00f4n\u00e9 par la m\u00eame arme en 38 Super Auto ; il est int\u00e9ressant de pr\u00e9ciser que tous les modes de vis\u00e9e, toutes les longueurs de canons comme tous les poids d\u2019armes ou de d\u00e9parts sont admis.<\/p>\n<p>Seul le r\u00e9sultat compte et les armuriers de tous poils peuvent donner libre cours \u00e0 leurs talents de pr\u00e9parateur\u2026 !<\/p>\n<p>Pour l\u2019historique, cette discipline a connu ses premiers championnats du Monde en 1975 aux USA, qui se r\u00e9p\u00e8tent depuis, chaque ann\u00e9e dans un pays diff\u00e9rent.<br \/>\nEn 1989, la France a organis\u00e9 un championnat d\u2019Europe \u00e0 Reims gagn\u00e9 par un fran\u00e7ais, J.C. Bouchut.<br \/>\nNotre club, quant \u00e0 lui, au cours des derni\u00e8res ann\u00e9e, a con\u00e7u et r\u00e9alis\u00e9, sous la direction de G\u00e9rard Astorg et Georges Dazzi, Match Director, et d\u2019une dynamique \u00e9quipe, des matchs IPSC internationaux dont des s\u00e9lections nationales.<\/p>\n<p>Enfin, il faut savoir que ce sport, dans le monde du tir, est de loin le plus s\u00e9v\u00e8re et le plus exigeant en mati\u00e8re de s\u00e9curit\u00e9. Les r\u00e8gles y sont draconiennes et au rythme d\u2019un arbitre par tireur, rares sont ceux qui peuvent se vanter de n\u2019avoir jamais \u00e9t\u00e9 exclus d\u2019un match.<\/p>\n<p>L\u2019entra\u00eenement \u00e0 outrance est bien s\u00fbr la clef de la r\u00e9ussite\u00a0et en plus des manipulations \u00a0\u00bb \u00e0 sec \u00a0\u00bb trois ou quatre cents cartouches par s\u00e9ances ne sont pas de trop.<\/p>\n<p>En conclusion, nombreux sont ceux qui pensent et voient le Tir Sportif de Vitesse (TSV) devenir la discipline phare des prochaines ann\u00e9es comme il en est d\u00e9j\u00e0 de m\u00eame dans de nombreux pays.<\/p>\n<p>Il existe plusieurs Divisions d&rsquo;armes qui peuvent \u00eatre utilis\u00e9es:<\/p>\n<ul>\n<li style=\"list-style-type: none;\">\n<ul>\n<li style=\"list-style-type: none;\">\n<ul>\n<li><b>Open<\/b>: La F1 du Tir Sportif de Vitesse. Les armes sont personnalis\u00e9es pour \u00eatre les plus adapt\u00e9es aux souhaits du comp\u00e9titeur. Les seules restrictions sont la longueur du chargeur (qui ne doit pas d\u00e9passer 170 mm et le poids des ogives qui doit \u00eatre sup\u00e9rieur ou \u00e9gal \u00e0 120 grains (7,78 g) pour pouvoir pr\u00e9tendre \u00e0 un d\u00e9compte des points en majeur (voir plus bas). Les armes de cette division sont \u00e9galement \u00e9quip\u00e9es par des syst\u00e8mes de vis\u00e9e \u00e9lectronique ou optique (type [www.cmore.com C-More], [www.aimpoint.com Aimpoint] etc.)<\/li>\n<li><b>Standard<\/b>\u00a0: Armes personnalis\u00e9es soumises n\u00e9anmoins \u00e0 des contraintes techniques tr\u00e8s strictes\u00a0: Elles ne doivent pas \u00eatre \u00e9quip\u00e9es de syst\u00e8me de vis\u00e9e \u00e9lectronique ou optique ni de compensateurs, elles doivent en configuration de tir (chien arm\u00e9, s\u00e9curit\u00e9 engag\u00e9e et chargeur vide ins\u00e9r\u00e9) entrer dans une boite de contr\u00f4le de 225*150*45mm et le calibre doit \u00eatre d&rsquo;au moins 10 mm pour pr\u00e9tendre \u00e0 un d\u00e9compte de points en majeur.<\/li>\n<li><b>Modified<\/b>: C&rsquo;est une division hybride entre l&rsquo;Open et le Standard. La cr\u00e9ation de ces armes est un vrai d\u00e9fi pour les armuriers du fait des contraintes impos\u00e9es par le r\u00e8glement. Depuis le 1er janvier 2012 elle n&rsquo;est plus reconnue par l&rsquo;IPSC. Le Classic remplace cette division.<\/li>\n<li><b>Classic<\/b>: C&rsquo;est le retour des 1er armes IPSC, simple colonne. Pour le majeur (45acp ou 40sw) seulement 8 coups dans le chargeur. En mineur (9para) 9 coups sont accept\u00e9s.<\/li>\n<li><b>Production<\/b>: C&rsquo;est la division la plus \u00ab\u00a0simple\u00a0\u00bb\u00a0: ce sont des armes \u00ab\u00a0out of the box\u00a0\u00bb, avec tr\u00e8s peu de modifications et d&rsquo;adaptations permises. Les pi\u00e8ces et accessoires ne peuvent \u00eatre remplac\u00e9s que par des pi\u00e8ces propos\u00e9es au catalogue du fabricant. Enfin les armes pouvant pr\u00e9tendre \u00e0 un classement en Production figurent sur une liste mise \u00e0 jour r\u00e9guli\u00e8rement par un comit\u00e9 international<\/li>\n<li><b>R\u00e9volver Standard<\/b>\u00a0: cette division regroupe les revolvers sans vis\u00e9e \u00e9lectronique ou optique ni compensateurs. Comme pour le Standard, 10 mm est le calibre minimum pour pr\u00e9tendre \u00e0 un d\u00e9compte de points en majeur.<\/li>\n<\/ul>\n<\/li>\n<\/ul>\n<\/li>\n<\/ul>\n<ul>\n<li><em><strong>Le d\u00e9compte des points\u00a0:<\/strong><\/em><\/li>\n<\/ul>\n<p><a href=\"http:\/\/www.tir-sportif-mandallaz.com\/wp-content\/uploads\/2015\/04\/cible-ipsc-tsv-miniature-daa.jpg\"><img loading=\"lazy\" class=\"alignnone size-medium wp-image-1054\" src=\"http:\/\/www.tir-sportif-mandallaz.com\/wp-content\/uploads\/2015\/04\/cible-ipsc-tsv-miniature-daa-300x287.jpg\" alt=\"cible-ipsc-tsv-miniature-daa\" width=\"300\" height=\"287\" \/><\/a><\/p>\n<p>Les cibles comportent trois zones (A, C, et D) qui permettent de d\u00e9terminer les points acquis par le tireur. Ces points sont variables en fonction du facteur de puissance que le tireur d\u00e9clare\u00a0: Majeur ou Mineur. Lors de la comp\u00e9tition le facteur d\u00e9clar\u00e9 par le comp\u00e9titeur est contr\u00f4l\u00e9 par un arbitre selon une proc\u00e9dure d\u00e9finie par le r\u00e8glement. Les points sont donc comptabilis\u00e9s de mani\u00e8re suivante: Mineur: A=5 C=3 D=1 Majeur: A=5 C=4 D=2<\/p>\n<ul>\n<li><em><strong>Les matchs sont class\u00e9s en cinq niveaux allant du Level I au Level V\u00a0:<\/strong><\/em>\n<ul>\n<li>Level I\u00a0: Niveau Club<\/li>\n<li>Level II\u00a0: Niveau Inter Club\/R\u00e9gional<\/li>\n<li>Level III\u00a0: Niveau National\/ International<\/li>\n<li>Level IV\u00a0: Championnat \u00ab\u00a0Continental\u00a0\u00bb (ex Championnat d&rsquo;Europe)<\/li>\n<li>Level V\u00a0: Championnat du Monde (tous les trois ans)<\/li>\n<\/ul>\n<\/li>\n<\/ul>\n<p>\u00c0 chaque niveau correspond un certain nombre de pr\u00e9requis qui sont d\u00e9finis par le r\u00e8glement international de l&rsquo;IPSC.<\/p>\n<ul>\n<li>Les matchs sont compos\u00e9s de stages (\u00e9preuves) qui sont class\u00e9es en 4 types:\n<ul>\n<li>Les<strong> <i>short course<\/i><\/strong> (maximum de 9 coups et deux postes de tir)<\/li>\n<li>Les <strong><i>Medium course<\/i><\/strong> (maximum de 16 coups et trois postes de tir)<\/li>\n<li>Les <strong><i>Long course<\/i><\/strong> (maximum de 32 coups)<\/li>\n<li>Les <strong><i>Standards<\/i><\/strong>\u00a0: ce sont des \u00e9preuves pr\u00e9d\u00e9finies par l&rsquo;IPSC qui peuvent servir de r\u00e9f\u00e9rence pour classer les tireurs.<\/li>\n<\/ul>\n<\/li>\n<\/ul>\n<p>Le tir sportif de vitesse est arriv\u00e9 en France au d\u00e9but des ann\u00e9es 1980. La Conf\u00e9d\u00e9ration Internationale a quant \u00e0 elle \u00e9t\u00e9 fond\u00e9e en 1976 par le Lieutenant Colonel Jeff Cooper. Le Fran\u00e7ais \u00c9ric Grauffel est quintuple (dont une fois en junior) champion du monde dans la discipline.<\/p>\n<p>Source: Wikipedia<\/p>\n","protected":false},"excerpt":{"rendered":"<p>\u00a0\u00a0\u00a0\u00a0\u00a0\u00a0\u00a0\u00a0\u00a0\u00a0\u00a0\u00a0\u00a0\u00a0\u00a0\u00a0\u00a0\u00a0\u00a0\u00a0\u00a0\u00a0\u00a0\u00a0\u00a0 Si la silhouette m\u00e9tallique est n\u00e9e au Mexique, le Tir Sportif de Vitesse (T.S.V) est lui un pur produit \u00ab made in U.S.A. \u00bb. La paternit\u00e9 en est unanimement&#8230; <span class=\"more-link\"><a href=\"https:\/\/www.tir-sportif-mandallaz.com\/?page_id=878\">Read More<\/a><\/span><\/p>\n","protected":false},"author":1,"featured_media":0,"parent":53,"menu_order":4,"comment_status":"closed","ping_status":"open","template":"","meta":[],"_links":{"self":[{"href":"https:\/\/www.tir-sportif-mandallaz.com\/index.php?rest_route=\/wp\/v2\/pages\/878"}],"collection":[{"href":"https:\/\/www.tir-sportif-mandallaz.com\/index.php?rest_route=\/wp\/v2\/pages"}],"about":[{"href":"https:\/\/www.tir-sportif-mandallaz.com\/index.php?rest_route=\/wp\/v2\/types\/page"}],"author":[{"embeddable":true,"href":"https:\/\/www.tir-sportif-mandallaz.com\/index.php?rest_route=\/wp\/v2\/users\/1"}],"replies":[{"embeddable":true,"href":"https:\/\/www.tir-sportif-mandallaz.com\/index.php?rest_route=%2Fwp%2Fv2%2Fcomments&post=878"}],"version-history":[{"count":26,"href":"https:\/\/www.tir-sportif-mandallaz.com\/index.php?rest_route=\/wp\/v2\/pages\/878\/revisions"}],"predecessor-version":[{"id":2582,"href":"https:\/\/www.tir-sportif-mandallaz.com\/index.php?rest_route=\/wp\/v2\/pages\/878\/revisions\/2582"}],"up":[{"embeddable":true,"href":"https:\/\/www.tir-sportif-mandallaz.com\/index.php?rest_route=\/wp\/v2\/pages\/53"}],"wp:attachment":[{"href":"https:\/\/www.tir-sportif-mandallaz.com\/index.php?rest_route=%2Fwp%2Fv2%2Fmedia&parent=878"}],"curies":[{"name":"wp","href":"https:\/\/api.w.org\/{rel}","templated":true}]}}