{"id":885,"date":"2015-04-21T12:56:33","date_gmt":"2015-04-21T11:56:33","guid":{"rendered":"http:\/\/www.tir-sportif-mandallaz.com\/?page_id=885"},"modified":"2021-04-06T16:37:46","modified_gmt":"2021-04-06T15:37:46","slug":"tir-aux-armes-anciennes","status":"publish","type":"page","link":"https:\/\/www.tir-sportif-mandallaz.com\/?page_id=885","title":{"rendered":"tir aux armes anciennes"},"content":{"rendered":"<p><a href=\"http:\/\/www.tir-sportif-mandallaz.com\/wp-content\/uploads\/2015\/04\/01-AA-DIAPO.jpg\"><img loading=\"lazy\" class=\" size-medium wp-image-1002 alignright\" src=\"http:\/\/www.tir-sportif-mandallaz.com\/wp-content\/uploads\/2015\/04\/01-AA-DIAPO-300x234.jpg\" alt=\"\" width=\"300\" height=\"234\" srcset=\"https:\/\/www.tir-sportif-mandallaz.com\/wp-content\/uploads\/2015\/04\/01-AA-DIAPO-300x234.jpg 300w, https:\/\/www.tir-sportif-mandallaz.com\/wp-content\/uploads\/2015\/04\/01-AA-DIAPO.jpg 685w\" sizes=\"(max-width: 300px) 100vw, 300px\" \/><\/a><\/p>\n<p>D\u00e9couvrez ces armes de poing ou d&rsquo;\u00e9paule qui utilisent uniquement de la poudre noire et se rechargent par la bouche du canon : mousquets \u00e0 m\u00e8che des mousquetaires, pistolets de duel du<br \/>\nXIXe si\u00e8cle, revolvers et carabines de la conqu\u00eate de l&rsquo;ouest, fusils \u00e0 silex de l&rsquo;\u00e9poque napol\u00e9onienne ainsi que les vieux fusils de chasse \u00e0 percussion.<\/p>\n<p><a href=\"http:\/\/www.tir-sportif-mandallaz.com\/wp-content\/uploads\/2015\/04\/05-AA-DIAPO.jpg\"><img loading=\"lazy\" class=\" size-medium wp-image-1003 alignnone\" src=\"http:\/\/www.tir-sportif-mandallaz.com\/wp-content\/uploads\/2015\/04\/05-AA-DIAPO-300x234.jpg\" alt=\"\" width=\"300\" height=\"234\" srcset=\"https:\/\/www.tir-sportif-mandallaz.com\/wp-content\/uploads\/2015\/04\/05-AA-DIAPO-300x234.jpg 300w, https:\/\/www.tir-sportif-mandallaz.com\/wp-content\/uploads\/2015\/04\/05-AA-DIAPO.jpg 685w\" sizes=\"(max-width: 300px) 100vw, 300px\" \/><\/a><\/p>\n<p><span style=\"color: #000000;\"><a style=\"color: #000000;\" href=\"http:\/\/www.tir-sportif-mandallaz.com\/wp-content\/uploads\/2015\/04\/05-AA-DIAPO.jpg\">C&rsquo;est la discipline des collectionneurs ou des comp\u00e9titeurs entretenant avec passion les armes anciennes d&rsquo;origines (avant 1900) ou des r\u00e9pliques fonctionnant avec diff\u00e9rents syst\u00e8mes de mise \u00e0 feu (m\u00e8che, silex, percussion).<\/a><\/span><\/p>\n<h2><a href=\"http:\/\/www.tir-sportif-mandallaz.com\/wp-content\/uploads\/2015\/04\/AA.jpg\"><img loading=\"lazy\" class=\" size-medium wp-image-1009 aligncenter\" src=\"http:\/\/www.tir-sportif-mandallaz.com\/wp-content\/uploads\/2015\/04\/AA-300x209.jpg\" alt=\"\" width=\"300\" height=\"209\" srcset=\"https:\/\/www.tir-sportif-mandallaz.com\/wp-content\/uploads\/2015\/04\/AA-300x209.jpg 300w, https:\/\/www.tir-sportif-mandallaz.com\/wp-content\/uploads\/2015\/04\/AA.jpg 500w\" sizes=\"(max-width: 300px) 100vw, 300px\" \/><\/a><\/h2>\n<h2><span style=\"text-decoration: underline;\"><span style=\"color: #800000; text-decoration: underline;\">LE \u00ab\u00a0COACH\u00a0\u00bb Mandallaz<\/span><\/span><\/h2>\n<p><a href=\"http:\/\/www.tir-sportif-mandallaz.com\/wp-content\/uploads\/2015\/04\/michel-valvason-prefere-la-competition-d-armes-anciennes-aux-modernes-car-l-entraide-est-non-seulement-autorisee-mais-largement-pratiquee-lors-des-epreuves-photo-dl-norbert-falco-1420002934.jpg\"><img loading=\"lazy\" class=\"alignnone wp-image-1021 size-large\" src=\"http:\/\/www.tir-sportif-mandallaz.com\/wp-content\/uploads\/2015\/04\/michel-valvason-prefere-la-competition-d-armes-anciennes-aux-modernes-car-l-entraide-est-non-seulement-autorisee-mais-largement-pratiquee-lors-des-epreuves-photo-dl-norbert-falco-1420002934-1024x717.jpg\" alt=\"michel-valvason-prefere-la-competition-d-armes-anciennes-aux-modernes-car-l-entraide-est-non-seulement-autorisee-mais-largement-pratiquee-lors-des-epreuves-photo-dl-norbert-falco-1420002934\" width=\"940\" height=\"658\" srcset=\"https:\/\/www.tir-sportif-mandallaz.com\/wp-content\/uploads\/2015\/04\/michel-valvason-prefere-la-competition-d-armes-anciennes-aux-modernes-car-l-entraide-est-non-seulement-autorisee-mais-largement-pratiquee-lors-des-epreuves-photo-dl-norbert-falco-1420002934-1024x717.jpg 1024w, https:\/\/www.tir-sportif-mandallaz.com\/wp-content\/uploads\/2015\/04\/michel-valvason-prefere-la-competition-d-armes-anciennes-aux-modernes-car-l-entraide-est-non-seulement-autorisee-mais-largement-pratiquee-lors-des-epreuves-photo-dl-norbert-falco-1420002934-300x210.jpg 300w, https:\/\/www.tir-sportif-mandallaz.com\/wp-content\/uploads\/2015\/04\/michel-valvason-prefere-la-competition-d-armes-anciennes-aux-modernes-car-l-entraide-est-non-seulement-autorisee-mais-largement-pratiquee-lors-des-epreuves-photo-dl-norbert-falco-1420002934-940x659.jpg 940w, https:\/\/www.tir-sportif-mandallaz.com\/wp-content\/uploads\/2015\/04\/michel-valvason-prefere-la-competition-d-armes-anciennes-aux-modernes-car-l-entraide-est-non-seulement-autorisee-mais-largement-pratiquee-lors-des-epreuves-photo-dl-norbert-falco-1420002934.jpg 1600w\" sizes=\"(max-width: 940px) 100vw, 940px\" \/><\/a><\/p>\n<div class=\"column\">\n<p>Il pourrait jouer sans probl\u00e8me dans un western ou bien encore dans une reconstitution napol\u00e9onienne. \u00c0 la fois Butch Cassidy et grognard de la R\u00e9publique, ses talents lui permettraient de pr\u00e9tendre \u00e0 de multiples r\u00f4les, tant que leur d\u00e9nominateur commun serait la poudre.<\/p>\n<p>Les armes anciennes n\u2019ont plus aucun secret pour Michel Valvason. Non seulement il conna\u00eet parfaitement leur histoire mais aussi leur maniement. Il a remport\u00e9 le championnat\u2026 la discipline qui se d\u00e9roulait fin mai en Loz\u00e8re. Il a donc \u201ctap\u00e9 dans le mille\u201d, en rapportant une m\u00e9daille d\u2019or \u00e0 son club, le Tir sportif de la Mandallaz. Ses 180 membres s\u2019entra\u00eenent \u00e0 Avregny, sur la commune d\u2019Allonzier-la-Caille.<\/p>\n<h4><strong><span style=\"color: #333399;\">Pistolet japonais \u00e0 m\u00e8che de 1540<\/span><\/strong><\/h4>\n<p>Michel Valvason est le meilleur d\u2019entre eux, toutes cat\u00e9gories confondues. Car s\u2019il ma\u00eetrise avec bonheur les pistolets \u00e0 m\u00e8che japonais de 1540, il est aussi performant avec des armes de police ou de gendarmerie modernes. Il est toutefois le seul \u00e0 pratiquer l\u2019arme ancienne en comp\u00e9tition. Mais ses bons r\u00e9sultats pourraient inciter les autres tireurs du club \u00e0 regarder les \u201cvieilles p\u00e9toires\u201d (qui sont en fait de petits bijoux) d\u2019un autre \u0153il.<\/p>\n<p>D\u2019autant que leur chantre n\u2019h\u00e9site jamais \u00e0 raconter les histoires qui vont avec. Car si Michel Valvason s\u2019est laiss\u00e9 s\u00e9duire par ces armes d\u2019un autre temps, c\u2019est parce qu\u2019elles parlent d\u2019intrigues, de petits matins brumeux et de duels. Avec elles, il joue \u00e0 saute-mouton sur les si\u00e8cles. Et retrouve les gestes oubli\u00e9s .<\/p>\n<p>Avec ces armes, on ne peut tirer plus de 13 coups en 30 minutes. Le chargement fait partie int\u00e9grante de la comp\u00e9tition, la cartouche se pr\u00e9pare sur place\u2026 Et le Haut-Savoyard coule ses plombs \u00e0 la maison. Autant dire qu\u2019il faut savoir apprivoiser les caprices de la poudre, des douilles et des amorces. Il a concouru avec 5 r\u00e9pliques d\u2019armes de poing (lire les Rep\u00e8res) qui datent de 1780, 1820 et 1540\u2026 et rivalis\u00e9 avec les 70 meilleurs tireurs fran\u00e7ais. La concurrence est rarement f\u00e9minine car la discipline exige des muscles. Certaines armes p\u00e8sent 4\u00a0kilos et il faut les tenir \u00e0 bout de bras&#8230; Sans trembler.<\/p>\n<p>Michel Valvason a commenc\u00e9 \u00e0 tirer \u00e0 l\u2019\u00e2ge de 20 ans. Il en a aujourd\u2019hui 55. Il vient de signer le d\u00e9but d\u2019une longue carri\u00e8re de champion.<\/p>\n<\/div>\n<div class=\"contentInfo\"><span class=\"auteur\">Par<em><strong> Colette LANIER<\/strong><\/em>. (Le Dauphin\u00e9)<\/span><\/div>\n<p>&nbsp;<\/p>\n","protected":false},"excerpt":{"rendered":"<p>D\u00e9couvrez ces armes de poing ou d&rsquo;\u00e9paule qui utilisent uniquement de la poudre noire et se rechargent par la bouche du canon : mousquets \u00e0 m\u00e8che des mousquetaires, pistolets de&#8230; <span class=\"more-link\"><a href=\"https:\/\/www.tir-sportif-mandallaz.com\/?page_id=885\">Read More<\/a><\/span><\/p>\n","protected":false},"author":1,"featured_media":0,"parent":53,"menu_order":2,"comment_status":"closed","ping_status":"open","template":"","meta":[],"_links":{"self":[{"href":"https:\/\/www.tir-sportif-mandallaz.com\/index.php?rest_route=\/wp\/v2\/pages\/885"}],"collection":[{"href":"https:\/\/www.tir-sportif-mandallaz.com\/index.php?rest_route=\/wp\/v2\/pages"}],"about":[{"href":"https:\/\/www.tir-sportif-mandallaz.com\/index.php?rest_route=\/wp\/v2\/types\/page"}],"author":[{"embeddable":true,"href":"https:\/\/www.tir-sportif-mandallaz.com\/index.php?rest_route=\/wp\/v2\/users\/1"}],"replies":[{"embeddable":true,"href":"https:\/\/www.tir-sportif-mandallaz.com\/index.php?rest_route=%2Fwp%2Fv2%2Fcomments&post=885"}],"version-history":[{"count":16,"href":"https:\/\/www.tir-sportif-mandallaz.com\/index.php?rest_route=\/wp\/v2\/pages\/885\/revisions"}],"predecessor-version":[{"id":2568,"href":"https:\/\/www.tir-sportif-mandallaz.com\/index.php?rest_route=\/wp\/v2\/pages\/885\/revisions\/2568"}],"up":[{"embeddable":true,"href":"https:\/\/www.tir-sportif-mandallaz.com\/index.php?rest_route=\/wp\/v2\/pages\/53"}],"wp:attachment":[{"href":"https:\/\/www.tir-sportif-mandallaz.com\/index.php?rest_route=%2Fwp%2Fv2%2Fmedia&parent=885"}],"curies":[{"name":"wp","href":"https:\/\/api.w.org\/{rel}","templated":true}]}}